{"id":89,"date":"2023-01-18T15:13:45","date_gmt":"2023-01-18T14:13:45","guid":{"rendered":"https:\/\/conssydney.esteri.it\/?page_id=89"},"modified":"2023-05-03T12:42:06","modified_gmt":"2023-05-03T02:42:06","slug":"numeri-di-emergenza","status":"publish","type":"page","link":"https:\/\/conssydney.esteri.it\/it\/chi-siamo\/numeri-di-emergenza\/","title":{"rendered":"Numeri di emergenza"},"content":{"rendered":"<p>SOLO ED ESCLUSIVAMENTE PER SITUAZIONE DI COMPROVATA EMERGENZA PER CITTADINI ITALIANI (incidenti, arresti, decessi ecc.)<\/p>\n<p>Le chiamate relative ai servizi consolari ordinari, alle prenotazioni dei servizi, richieste di informazioni NON saranno prese in considerazione.<\/p>\n<p>Il cellulare di reperibilit\u00e0 del Consolato Generale in Sydney \u00e8 operativo dal luned\u00ec al venerd\u00ec negli orari di chiusura degli uffici<br \/>\n(17.00 \u2013 22.00), sabato e festivi dalle ore 9.00 alle 22.00: 0410 308768 (dall\u2019Italia +61 410 308768).<\/p>\n<p>SEMPRE IN CASO DI GRAVI E MOTIVATE EMERGENZE, ANCHE PER TUTTE LE ALTRE FASCE ORARIE, \u00c8 POSSIBILE RIVOLGERSI AI SEGUENTI NUMERI ATTIVI 24H:<\/p>\n<p>+39 06 36912790\u00a0Funzionario di turno (Decessi, arresti, gravi incidenti ecc.)<\/p>\n<p>+39 06 36225 Unit\u00e0 di Crisi (ad esempio per disastri naturali, terrorismo, disordini socio politici).<\/p>\n","protected":false},"excerpt":{"rendered":"SOLO ED ESCLUSIVAMENTE PER SITUAZIONE DI COMPROVATA EMERGENZA PER CITTADINI ITALIANI (incidenti, arresti, decessi ecc.) Le chiamate relative ai servizi consolari ordinari, alle prenotazioni dei servizi, richieste di informazioni NON saranno prese in considerazione. Il cellulare di reperibilit\u00e0 del Consolato Generale in Sydney \u00e8 operativo dal luned\u00ec al venerd\u00ec negli orari di chiusura degli uffici [&hellip;]","protected":false},"author":3,"featured_media":0,"parent":9,"menu_order":8,"comment_status":"closed","ping_status":"closed","template":"","meta":{"footnotes":""},"class_list":["post-89","page","type-page","status-publish","hentry"],"_links":{"self":[{"href":"https:\/\/conssydney.esteri.it\/it\/wp-json\/wp\/v2\/pages\/89","targetHints":{"allow":["GET"]}}],"collection":[{"href":"https:\/\/conssydney.esteri.it\/it\/wp-json\/wp\/v2\/pages"}],"about":[{"href":"https:\/\/conssydney.esteri.it\/it\/wp-json\/wp\/v2\/types\/page"}],"author":[{"embeddable":true,"href":"https:\/\/conssydney.esteri.it\/it\/wp-json\/wp\/v2\/users\/3"}],"replies":[{"embeddable":true,"href":"https:\/\/conssydney.esteri.it\/it\/wp-json\/wp\/v2\/comments?post=89"}],"version-history":[{"count":0,"href":"https:\/\/conssydney.esteri.it\/it\/wp-json\/wp\/v2\/pages\/89\/revisions"}],"up":[{"embeddable":true,"href":"https:\/\/conssydney.esteri.it\/it\/wp-json\/wp\/v2\/pages\/9"}],"wp:attachment":[{"href":"https:\/\/conssydney.esteri.it\/it\/wp-json\/wp\/v2\/media?parent=89"}],"curies":[{"name":"wp","href":"https:\/\/api.w.org\/{rel}","templated":true}]}}