{"id":88,"date":"2023-01-18T15:14:41","date_gmt":"2023-01-18T14:14:41","guid":{"rendered":"https:\/\/conssydney.esteri.it\/?page_id=88"},"modified":"2026-01-16T15:28:36","modified_gmt":"2026-01-16T04:28:36","slug":"diplomazia-scientifica","status":"publish","type":"page","link":"https:\/\/conssydney.esteri.it\/it\/italia-e-australia\/diplomazia-scientifica\/","title":{"rendered":"Diplomazia scientifica"},"content":{"rendered":"<p><strong>ACCORDO D&#8217;INTESA<\/strong><\/p>\n<p>Un\u00a0<a href=\"https:\/\/conssydney.esteri.it\/resource\/2015\/02\/39499_f_MoUSignedRome19thApril2014.pdf\">Memorandum d&#8217;Intesa<\/a>\u00a0per la cooperazione scientifica e tecnologica tra\u00a0il Ministero italiano dell&#8217;Istruzione, dell&#8217;Universit\u00e0 e della Ricerca ed il\u00a0Dipartimento australiano dell&#8217;Industria, l&#8217;Innovazione, Cambiamenti Climatici, la Scienza, la Ricerca e l&#8217;Istruzione Terziaria\u00a0\u00e8 stato firmato a Roma il 19\u00a0aprile 2013 dal Ministro dell&#8217;Istruzione, dell&#8217;Universit\u00e0 e della Ricerca, Prof. Francesco Profumo e dall\u2019Ambasciatore\u00a0australiano a\u00a0Roma, David J. Ritchie. Il memorandum mira di promuovere la cooperazione scientifica e tecnologica fra i due Paesi\u00a0in tutti i settori\u00a0scientifici.<\/p>\n<p>&nbsp;<\/p>\n<p>&nbsp;<\/p>\n<p><strong>QUADRO ISTITUZIONALE<\/strong><\/p>\n<p>Le principali Agenzie di Ricerca governative sono:<\/p>\n<ul>\n<li>Department of Industry, Innovation and Science<\/li>\n<li>Commonwealth Scientific and Industrial Research Organisation (CSIRO)<\/li>\n<li>Australian Nuclear Science and Technology Organisation (ANSTO)<\/li>\n<li>Australian Research Council (ARC)<\/li>\n<li>Australian Institute of Marine Science (AIMS)<\/li>\n<li>Geoscience Australia (GA)<\/li>\n<li>Australian Astronomical Observatory (AAO)<\/li>\n<li>National Health and Medical Research Council (NHMRC)<\/li>\n<li>Australian Academy of Science<\/li>\n<li>Australian Academy of Technological Sciences and Engineering (ATSE)<\/li>\n<\/ul>\n<p>&nbsp;<\/p>\n<p><strong><a href=\"http:\/\/www.science.gov.au\/Pages\/default.aspx\">Department of Industry, Innovation and Science<\/a><\/strong><\/p>\n<p>Il\u00a0Department of Industry, Innovation and Science definisce la politica nazionale in ambito scientifico e, inoltre, assicura i finanziamenti governativi ai singoli programmi di ricerca.<\/p>\n<p>&nbsp;<\/p>\n<p><a title=\"Vai al sito web del CSIRO\" href=\"http:\/\/www.csiro.au\/\"><strong>Commonwealth Scientific and Industrial Research Organization<\/strong><\/a><\/p>\n<p>The Commonwealth Scientific and Industrial Research Organisation (CSIRO) \u00e8 il principale Ente di ricerca pubblica australiana. I laboratori del CSIRO sono distribuiti in oltre 50 siti in Australia e impiegano pi\u00f9 di 5000 persone con un budget, riferito all&#8217;anno 2015, di oltre 1.2 miliardi di dollari australiani (circa 800 milioni di Euro) di cui oltre 750 milioni provengono da fondi del Governo Federale e circa 450 milioni dal settore privato.<\/p>\n<p>&nbsp;<\/p>\n<p><a title=\"Vai al sito web dell'ANSTO\" href=\"http:\/\/www.ansto.gov.au\/\"><strong>Australian Nuclear Science and Technology Organization<\/strong><\/a><\/p>\n<p>La Australian Nuclear Science and Technology Organisation (ANSTO) \u00e8 il piu&amp;rrsquo; importante Ente di ricerca australiano nel settore del nucleare. La sua principale sede \u00e8 a circa 30 Km da Sydney (localit\u00e0 di Lucas Heights), ove sono situati l\u2019unico reattore, OPAL, da\u00a025 MW\u00a0utilizzato solo per attivita\u2019 di ricerca, acceleratori di particelle, laboratori di produzione radiofarmaceutica e un ampio numero di laboratori del settore destinati alla ricerca. Ulteriori laboratori gestiti da ANSTO (Australian Synchrotron a Melbourne, Ciclotrone nazionale del settore della medicina etc..) sono distribuiti su tutto il territorio australiano.<\/p>\n<p>&nbsp;<\/p>\n<p><a title=\"Vai al sito web dell'ARC\" href=\"http:\/\/www.arc.gov.au\/\"><strong>Australian Research Council<\/strong><\/a><\/p>\n<p>L\u2019Australian Research Council e\u2019 l\u2019Agenzia Nazionale che si occupa di finanziare e monitorare i principali progetti scientifici e tecnologici del Paese e, nello stesso tempo, coadiuva il Governo nella programmazione degli investimenti nella ricerca.<\/p>\n<p>&nbsp;<\/p>\n<p><a href=\"http:\/\/www.aims.gov.au\/\"><strong>Australian Institute of Marine Science<\/strong><\/a><\/p>\n<p>L&#8217;Australian Institute of Marine Science \u00e8 l\u2019ente del governo australiano che svolge ricerca nel settore delle scienze marine.<\/p>\n<p>&nbsp;<\/p>\n<p><a href=\"http:\/\/www.ga.gov.au\/\"><strong>Geoscience Australia<\/strong><\/a><\/p>\n<p>Il Geoscience Australia \u00e8 l\u2019ente del governo australiano che svolge ricerca di carattere geoscientifico<\/p>\n<p>&nbsp;<\/p>\n<p><a title=\"Vai al sito web dell'AAO\" href=\"http:\/\/www.aao.gov.au\/\"><strong>Australian Astronomical Observatory<\/strong><\/a><\/p>\n<p>L\u2019Australian Astronomical Observatory \u00e8 l\u2019organismo, fondato nel 1971, preposto all\u2019attivit\u00e0 di osservazione e ricerca in campo astronomico, destinato a scienziati australiani ed stranieri. Nel suo sito di Siding Spring Observatory sono installati il pi\u00f9 grande telescopio australiano.<\/p>\n<p>&nbsp;<\/p>\n<p><a title=\"Vai al sito web del NHMRC\" href=\"http:\/\/www.nhmrc.gov.au\/\"><strong>National Medical and Health Research Council<\/strong><\/a><\/p>\n<p>Il National Health and Medical Research Council (NHMRC) e\u2019 l\u2019Agenzia Nazionale che si occupa di promuovere lo sviluppo e il mantenimento di elevati standard nella cura della salute pubblica e del privato. Uno dei punti di forza di questo Ente e\u2019 che esso riunisce e attinge alle fonti di tutte le componenti del sistema sanitario, inclusi i governi, i\u00a0 tirocinanti, gli infermieri,gli insegnanti,gli enti di ricerca,i dirigenti di programmi pubblici e privati, organizzazioni e enti per la salute pubblica e altri ancora. La NHMRC ha quattro obblighi principali e fondamentali:<\/p>\n<ul>\n<li>raggiungere lo standard di salute individuale e pubblica in tutto il territorio australiano<\/li>\n<li>incrementare lo sviluppo di elevati standard di salute tra i vari Stati e Territori<\/li>\n<li>incrementare e promuovere la ricerca e la formazione in campo medico in tutto il territorio australiano<\/li>\n<li>dare maggiore attenzione a determinate problematiche di tipo etico concernenti la salute<\/li>\n<\/ul>\n<p>&nbsp;<\/p>\n<p><a title=\"Vai al sito web dell'Australian Academy of Science\" href=\"http:\/\/www.science.org.au\/\"><strong>Australian Academy of Science<\/strong><\/a><\/p>\n<p>L\u2019obiettivo principale dell\u2019Accademia Australiana delle Scienze e\u2019 di promuovere le scienze attraverso un ampio numero di attivit\u00e0, che si possono collocare in quattro aree principali:<\/p>\n<ul>\n<li>riconoscimento di ricercatori australiani che si sono distinti in attivita\u2019 di scienza e tecnologia a livello internazionale;<\/li>\n<li>sensibilizzazione dell\u2019opinione pubblica sulle scienze;<\/li>\n<li>contribuisce alla definizione della politica nazionale della ricerca;<\/li>\n<li>relazioni internazionali.<\/li>\n<\/ul>\n<p>La Australian Academy of Science rappresenta l\u2019Australia all\u2019interno dell\u2019International Council For Science (ICSU) e di altri organismi internazionali. L\u2019Accademia supporta i delegati durante gli incontri e fornisce informazioni riguardo all\u2019International Council for Science all\u2019interno dell\u2019Australia. L\u2019Accademia, inoltre, gestisce un programma che promuove le collaborazioni internazionali in campo scientifico per favorire e incrementare l\u2019accesso dell\u2019Australia alla scienza globale e alla tecnologia in Nord America, Europa e Nord Est Asiatico.<\/p>\n<p>&nbsp;<\/p>\n<p><strong><a href=\"http:\/\/www.atse.org.au\/\">Australian Academy of Technological Sciences and Engineering<\/a><\/strong><\/p>\n<p>L\u2019obiettivo principale dell\u2019Accademia e\u2019 di promuovere le scienze technologiche ed ingenieristiche.<\/p>\n<p>&nbsp;<\/p>\n<p><strong>SETTORI DI RILIEVO PER L&#8217;ITALIA<\/strong><\/p>\n<p>L\u2019intenso livello delle relazioni scientifiche bilaterali \u00e8 confermato dagli oltre 190 accordi formali in essere tra universit\u00e0 italiane ed australiane e da importanti accordi di cooperazione in aree strategiche come, ad esempio, l\u2019ipersonica (vedasi l\u2019accordo tra il Centro Italiano per le Ricerche Aerospaziali-CIRA e l\u2019Hypersonics Centre della University of Queensland), le radiazioni di sincrotrone (accordo tra l\u2019Australian Synchrotron e il Sincrotrone ELETTRA di Trieste), la radioastronomia (con la firma nel 2009 a Roma di un Memorandum of Understanding interministeriale per la cooperazione bilaterale in ambito SKA &#8211; Square Kilometer Array Project). L&#8217;Istituto Nazionale per la Fisica Nucleare collabora con gruppi australiani nella rivelazione della materia oscura e le onde gravitazionale, mentre vi \u00e8 una collaborazione reciprocamente vantaggioso nella scienza e tecnologia nucleare con particolare riguardo alla ricerca e all&#8217;innovazione nel settore dell\u2019adroterapia oncologica tra il Centro Nazionale per l&#8217;Adroterapia Oncologica di Pavia e l&#8217;Australian Nuclear Science and Technology Organization.<\/p>\n<p>In giugno 2014, \u00e8 stato firmato un Memorandum d&#8217;Intesa tra l&#8217;INdAM (Istituto Nazionale di Alta Matematica &#8220;F. Severi&#8221;) e il<br \/>\nMathematical Sciences Institute dell&#8217;Australian National University, l&#8217;ente piu&#8217; prestigioso in Australia nel settore della matematica, con scopo quello di promuovere la collaborazione tra i due istituti nelle scienze matematiche. In agosto 2014, Il CNR (Consiglio Nazionale delle Ricerche) ed il CSIRO (Commonwealth Scientific and Industrial Research Organization) hanno firmato un Memorandum di Intesa per la Cooperazione Scientifica e Tecnologica. L&#8217;obiettivo del Memorandum \u00e8 di favorire le collaborazioni scientifiche e tecnologiche nei settori di interesse per entrambi gli enti (il CSIRO e&#8217; il principale ente pubblico di ricerca australiano e dunque un partner importante per un ente italiano grande e multidisciplinare come il CNR).<\/p>\n<p>Allo scopo della valorizzazione dei ricercatori italiani o di origine italiana che operano in Australia, saranno pianificati per il 2016 incontri in alcune citt\u00e0 australiane (Adelaide, Perth, Melbourne, Brisbane) dei numerosi ricercatori di rilievo e di origine italiana che operano nel settore scientifico e tecnologico presso istituti di ricerca e universit\u00e0 australiane. Il primo incontro intitolato \u2018Italian Scientists Down Under\u2019 si \u00e8 svolto presso questa Ambasciata il 27 e 28 di novembre 2014 al quale hanno partecipato oltre 40 ricercatori di origine italiana operanti in Australia mentre il secondo incontro, in collaborazione con l&#8217;Istituto Italiano di Cultura di Sydney, si \u00e8 svolto a Sydney il 26 novembre 2015. Questi incontri offriranno un\u2019occasione programmata per gli scienziati italiani che operano in Australia di incontrarsi tra loro ed interagire con i rappresentanti dell\u2019amministrazione australiana nel settore scientifico e tecnologico quali l&#8217;Australian Research Council, l&#8217;Australian Academy of Science, il Dipartimento per l&#8217;Industria, l&#8217;Innovazione e la Scienza, il National Health and Medical Research Council, il CSIRO (Commonwealth Scientific and Industrial Research Organization) e l&#8217;ANSTO (Australian Nuclear Science and Technology Organization). Il prossimo incontro &#8216;Italian Scientists Down Under&#8217; si svolger\u00e0 il 5 maggio 2016 a Melbourne presso l&#8217;Istituto Italiano di Cultura di Melbourne.<\/p>\n<p>&nbsp;<\/p>\n<p>&nbsp;<\/p>\n<p><strong>EVENTI<\/strong><\/p>\n<p class=\"boxLevel04\">La collaborazione bilaterale in campo scientifico \u00e8 promossa attraverso l&#8217;organizzazione di convegni e simposi su aree tematiche di interesse per le due comunit\u00e0 quali per esempio la biomedicina, la nanoscienza &amp; nanotecnologia, le applicazioni della radiazione di sincrotrone, le tecnologie avanzate che riguardano le energie rinnovabili, l&#8217;osservazione della terra ed il remote sensing, la scienza e la tecnologia spaziale, la fisica nucleare, l&#8217;astrofisica, la matematica pura e applicata, la sicurezza alimentare, le applicazioni di tecniche avanzate per la caratterizzazione e la conservazione del patrimonio culturale. Negli ultimi cinque anni questi eventi hanno visto la partecipazione di un numero significativo di accademici, ricercatori e imprenditori di cui oltre 300 provenienti dall&#8217;Italia e pi\u00f9 di 1000 provenienti dall&#8217;Australia. Il Dipartimento dell&#8217;Industria e la Scienza australiano cos\u00ec come altri enti nazionali di ricerca come l&#8217;ANSTO (Australian Nuclear Science and Technology Organization), il CSIRO (Commonwealth Scientific e Industrial Research Organization) e le universit\u00e0 australiane hanno co-finanziato la maggior parte di questi eventi. Per il 2016 sono in programmazione convegni bilaterali e simposi nei settori dell&#8217;astronomia e dell&#8217;Osservazione della Terra.<\/p>\n<p class=\"boxLevel04\">\u00c8 stato inoltre organizzato e pianificato il settimo incontro, svoltosi il 10 novembre 2015 presso la residenza dell\u2019Ambasciatore d\u2019Italia, del Circolo degli Addetti Scientifici a Canberra (inaugurato il 27 giugno 2012, promosso ed organizzato dall&#8217;Addetto Scientifico, assieme al collega dell&#8217;Ambasciata Svizzera). Erano presenti all\u2019incontro gli addetti scientifici delle rappresentanze diplomatiche accreditate a Canberra di Svizzera, Francia, Germania, Regno Unito, Canada, USA, Austria, Olanda, Cina, Giappone, Taiwan, la Federazione Russa, Messico, e Vietnam assieme a numerosi soggetti australiani quali la Vice Ministro dell&#8217;Industria, l\u2019Innovazione e della Scienza Karen Andrews, il CSIRO, il Gruppo degli Otto (Group of Eight, un raggruppamento di otto delle pi\u00f9 prestigiose e rinominate Universit\u00e0 Australiane), l&#8217;Accademia Australiana per la Scienza, l&#8217;Accademia Australiana per le Scienze Tecnologiche e Ingenieristiche (ASTE, Australian Academy of Technological Sciences and Engineering), l\u2019Australian Research Council, Il DSTO (Defence Science and Technology Organization), il National Health and Medical Research Council, l\u2019Australian Institute of Marine Science, l&#8217;Ufficio del Capo Scienziato Australiano, l\u2019Australian Nuclear Science and Technology Organization, il National Measurement Institute, il Bureau of Meterology, il Geoscience Australia, l&#8217;Australian Antarctic Division e rappresentanti del Dipartimento per l&#8217;Industria, l&#8217;Innovazione e la Scienza e del Dipartimento per l\u2019Istruzione.<\/p>\n<p class=\"boxLevel04\"><strong>Convegni e Simposi<\/strong><\/p>\n<p class=\"boxLevel04\"><a href=\"http:\/\/www.atnf.csiro.au\/research\/conferences\/2016\/Baracchi\/index.html\">La Prima Conferenza &#8220;Pietro Baracchi&#8221; sulla Radioastronomia Italo-Australiana nell&#8217;Era di SKA<\/a>, Perth 1-4 novembre 2016, intitolata a suo nome, \u00e8 intesa a commemorarne il contributo all&#8217;astronomia australiana e a illustrarne gli stretti legami con quella italiana. La riflessione sulla vita e le esperienze di\u00a0<a href=\"http:\/\/www.atnf.csiro.au\/research\/conferences\/2016\/Baracchi\/bio-it.html\">Baracchi\u00a0<\/a>offre anche l&#8217;opportunit\u00e0 per riflettere sul futuro della radioastronomia internazionale nel contesto di grandi progetti come lo Square Kilometre Array (SKA).<\/p>\n<p class=\"boxLevel04\">Allo scopo della valorizzazione dei ricercatori italiani che operano in Australia, si svolger\u00e0 il 5 maggio 2016 presso l&#8217;Istituto Italiano di Cultura a Melbourne, il terzo incontro intitolato &#8216;<a href=\"http:\/\/www.ambcanberra.esteri.it\/ambasciata_canberra\/resource\/doc\/2016\/03\/italian_scientists_down_under_in_melbourne_2016.pdf\">Italian Scientists Down Under<\/a>&#8216;. Il primo incontro degli &#8216;Italian Scientists Down Under&#8217; si \u00e8 svolto presso l&#8217;Ambasciata d&#8217;Italia a Canberra il 27 e 28 di novembre 2014 al quale hanno partecipato oltre 40 ricercatori di origine italiana operanti in Australia mentre il secondo incontro si \u00e8 svolto a Sydney il 26 novembre 2016.<\/p>\n<p class=\"boxLevel04\"><a href=\"http:\/\/www.ambcanberra.esteri.it\/ambasciata_canberra\/resource\/doc\/2016\/02\/aus-italy_adelaide.pdf\">Innovazione in Viticoltura<\/a>, Adelaide 7 dicembre 2015<\/p>\n<p class=\"boxLevel04\"><a href=\"https:\/\/www.researchitaly.it\/innovitalia\/news\/italia-australia-simposio-bilaterale-sulla-ricerca-agricola\/\">Simposio sulla Ricerca Agricola<\/a>, Canberra 3-4 dicembre 2015<\/p>\n<p class=\"boxLevel04\"><a href=\"https:\/\/www.researchitaly.it\/innovitalia\/news\/australia-scienziati-e-ricercatori-italiani-si-incontrano-a-sydney\/\">Incontro Scienziati Italiani in Australia<\/a>, Sydney 26 novembre 2015<\/p>\n<p class=\"boxLevel04\"><a href=\"http:\/\/www.ambcanberra.esteri.it\/ambasciata_canberra\/resource\/doc\/2016\/02\/program_nano2015.pdf\">Convegno-scuola sui materiali nanostrutturati per la sensoristica, l&#8217;elettronica e l&#8217;ambiente NanoS-E3<\/a>, Kingscliff NSW, 27 settembre &#8211; 2 ottobre 2015<\/p>\n<p class=\"boxLevel04\"><a href=\"https:\/\/www.researchitaly.it\/innovitalia\/news\/biotecnologie-e-sviluppo-l-icgeb-in-australia\/\">Simposio sul ruolo della Ricerca Biotecnologica nella cooperazione e lo sviluppo internazionale<\/a>, Canberra 16 settembre 2015 (<a href=\"http:\/\/www.ambcanberra.esteri.it\/ambasciata_canberra\/resource\/doc\/2016\/02\/program_symposium_icgeb_canberra_16_sept_2015.pdf\">Programma)<\/a><\/p>\n<p class=\"boxLevel04\">In collaborazione con la Direttrice dell\u2019Istituto Italiano di Cultura a Sydney, la Dott.ssa Donatella Cannova, l&#8217;Addetto Scientifico presso l&#8217;Ambasciata di Italia, Prof. Oscar Moze, ha organizzato un seminario pubblico dal titolo \u201c<a href=\"http:\/\/www.ambcanberra.esteri.it\/ambasciata_canberra\/resource\/doc\/2016\/03\/program_science_of_our_past_iic_sydney_26_march_2015.pdf\">The Science of Human History<\/a>\u201d. Il seminario, svoltasi il 26 marzo 2015 presso l\u2019Istituto Italiano di Cultura a Sydney, ha avuto circa 70 partecipanti. Durante il seminario sono intervenuti quattro ricercatori italiani, di alto livello, sui pi\u00f9 recenti ed importanti sviluppi scientifici e tecnologici legati all\u2019utilizzo delle varie forme della luce nello studio dell&#8217;evoluzione umana.<\/p>\n<p class=\"boxLevel04\"><a href=\"https:\/\/www.researchitaly.it\/innovitalia\/news\/l-australiano-lambeck-cavaliere-al-merito-della-repubblica\/\">Kurt Lambeck, professore di geofisica dell\u2019Australian National University e scienziato tra i pi\u00f9 illustri del suo Paese,\u00a0<\/a><a href=\"https:\/\/www.researchitaly.it\/innovitalia\/news\/l-australiano-lambeck-cavaliere-al-merito-della-repubblica\/\">ha ricevuto l\u2019onorificenza di Cavaliere dell&#8217;Ordine al Merito della Repubblica Italiana<\/a>, Canberra 16 febbraio 2015<\/p>\n<p class=\"boxLevel04\"><a href=\"https:\/\/www.researchitaly.it\/innovitalia\/news\/dalla-fisica-alla-biomedicina-a-canberra-il-meeting-dei-ricercatori-italiani-d-australia\/\">Incontro Scienziati Italiani in A<\/a><a href=\"https:\/\/www.researchitaly.it\/innovitalia\/news\/dalla-fisica-alla-biomedicina-a-canberra-il-meeting-dei-ricercatori-italiani-d-australia\/\">ustralia<\/a>, Canberra 27-28 novembre 2014<\/p>\n<p class=\"boxLevel04\"><a href=\"https:\/\/conssydney.esteri.it\/resource\/2015\/02\/39463_f_IlGloboIlGranSassoaStawell1.pdf\">Visita delegazione dell&#8217;INFN e Convegno sulla Materia Oscura<\/a>\u00a0Stawell (Victoria) 27 settembre-3 ottobre 2014<\/p>\n<p class=\"boxLevel04\"><a href=\"https:\/\/conssydney.esteri.it\/resource\/2015\/02\/39462_f_6thItalianAustralianBilateralSchoolandWorkshoponSy.pdf\">Sesto convegno bilaterale sulla Luce di Sincrotrone<\/a>\u00a0Melbourne 19-21 maggio 2014<\/p>\n<p class=\"boxLevel04\"><a href=\"https:\/\/conssydney.esteri.it\/resource\/2015\/02\/39461_f_ProgramItalianAustralianHadronTherapyworkshop2.pdf\">Convegno bilaterale sull&#8217;Adroterapia Oncologica<\/a>\u00a0Canberra 10 ottobre 2013<\/p>\n<p class=\"boxLevel04\"><a href=\"http:\/\/nanos2013.qut.edu.au\/\">Convegno-scuola sui materiali nanostrutturati per la sensoristica, l&#8217;elettronica e l&#8217;ambiente Nano-S3<\/a>, Queensland, 15-20 settembre 2013<\/p>\n<p class=\"boxLevel04\"><a href=\"https:\/\/conssydney.esteri.it\/resource\/2015\/02\/39460_f_RoundTableProgramWebpage.pdf\">Tavola rotonda con scopo di consolidare la collaborazione industriale nel settore spaziale<\/a>\u00a0Canberra 2 luglio 2013<\/p>\n<p class=\"boxLevel04\"><a href=\"https:\/\/conssydney.esteri.it\/resource\/2015\/02\/39458_f_IncontromatematicaLaFiamma.pdf\">Convegno trilaterale sulla Matematica Teorica ed Applicata<\/a>\u00a0Wollongong 3-7 dicembre 2012<\/p>\n<p class=\"boxLevel04\"><a href=\"https:\/\/conssydney.esteri.it\/resource\/2015\/02\/39457_f_ANNBilateralITAAUSNanomagnetismandSpintronicsWorks.pdf\">Convegno bilaterale sulla Spintronica<\/a>\u00a0Canberra 31 ott-1 nov 2012<\/p>\n<p class=\"boxLevel04\"><a href=\"https:\/\/conssydney.esteri.it\/resource\/2015\/02\/39456_f_PhysicsfortheFutureProgram2.pdf\">Convegno internazionale sulla rivelazione di Onde Gravitazionali<\/a>\u00a0Perth 27-29 settembre 2012<\/p>\n<p class=\"boxLevel04\"><a href=\"https:\/\/conssydney.esteri.it\/resource\/2015\/02\/39455_f_ItalyAustraliaHighEnergyPhysicsSymposium2.pdf\">Convegno bilaterale sulla Fisica delle Alte Energie<\/a>\u00a0Melbourne 12 luglio 2012<\/p>\n<p class=\"boxLevel04\"><a href=\"http:\/\/www.elettra.trieste.it\/events\/2012\/ITAU\/\">Quinto convegno bilaterale sulla Luce di Sincrotrone<\/a>\u00a0Trieste 15-16 maggio 2012<\/p>\n<p class=\"boxLevel04\"><a href=\"https:\/\/conssydney.esteri.it\/resource\/2015\/02\/39453_f_BIOMASSAILGlobo_15dec11_p28.pdf\">Convegno bilaterale sulla Biomassa<\/a>\u00a0Melbourne 8 dicembre 2011<\/p>\n<p class=\"boxLevel04\"><a href=\"http:\/\/www.ambcanberra.esteri.it\/ambasciata_canberra\/resource\/doc\/2016\/03\/poster_nanos-e3_0.pdf\">Convegno-scuola sui materiali nanostrutturati per la sensoristica, l&#8217;elettronica e l&#8217;ambiente NanoS-E3<\/a>, Kingscliff NSW, 12-16\u00a0 settembre 2011 (<a href=\"http:\/\/www.ambcanberra.esteri.it\/ambasciata_canberra\/resource\/doc\/2016\/03\/program_nanos-e3_2011.pdf\">Programma<\/a>)<\/p>\n<p class=\"boxLevel04\"><a href=\"https:\/\/conssydney.esteri.it\/resource\/2015\/02\/39452_f_ProgrammaConvegnoNanofotonica2.pdf\">Convegno Italia-Fra<\/a><a href=\"https:\/\/conssydney.esteri.it\/resource\/2015\/02\/39452_f_ProgrammaConvegnoNanofotonica2.pdf\">ncia-Australia sulla Nanofotonica<\/a>\u00a0Adelaide 24-25 agosto 2011<\/p>\n<p class=\"boxLevel04\"><a href=\"https:\/\/conssydney.esteri.it\/resource\/2015\/02\/39451_f_ITAAUSSpaceSymposium1.pdf\">Simposio bilaterale sullo Spazio<\/a>\u00a0Canberra\u00a028\u00a0settembre 2011<\/p>\n<p class=\"boxLevel04\"><a href=\"https:\/\/conssydney.esteri.it\/resource\/2015\/02\/39450_f_ItalyAustraliaWorkshopArchaeologyPalaeoAnthropolog.pdf\">Convegno bilaterale sull&#8217;Applicazioni di Techniche Avanzate per la Caratterizazione dei Beni Culturali<\/a>\u00a0 Sydney 14-17 marzo 2011<\/p>\n<p class=\"boxLevel04\"><a href=\"https:\/\/conssydney.esteri.it\/resource\/2015\/02\/39449_f_ITAAUSBiomedicalBoneMeetingAdelaide2123Feb2012.pdf\">Convegno bilaterale sulla Ricerca Biomedica su Ossa e Articolazioni<\/a>\u00a0Adelaide 21-23 febbraio 2011<\/p>\n<p class=\"boxLevel04\"><a href=\"https:\/\/conssydney.esteri.it\/resource\/2015\/02\/39448_f_ItalyAusWorkshopprogramme.pdf\">Quarto convegno bilaterale sulla Luce di Sincrotrone<\/a>\u00a0Melbourne 19-21\u00a0febbraio 2010<\/p>\n<p class=\"boxLevel04\"><a href=\"http:\/\/www.ambcanberra.esteri.it\/ambasciata_canberra\/resource\/doc\/2016\/03\/tuniz_anu.pdf\">I Lettori di Ossa<\/a>\u00a0Canberra 16 dicembre 2009<\/p>\n<p class=\"boxLevel04\"><a href=\"http:\/\/www.ambcanberra.esteri.it\/ambasciata_canberra\/resource\/doc\/2016\/03\/italian_language_week_shine_dome_space_compatibility_mode.pdf\">Italy:Research and Technology in Space Science<\/a>, svolto il 21 ottobre 2009 presso la sede dell\u2019Australian Academy of Science a Canberra nel ambito della 9a Settimana della Lingua Italiana nel Mondo. L\u2019evento ha illustrato in modo concreto la capacit\u00e0 ed l\u2019innovazione della ricerca e tecnologia italiane nel campo spaziale; all\u2019evento che \u00e8 consistito nella presentatzione di due filmati preparati dall\u2019ufficio Thales-Alenia di Torino, hanno partecipato circa 60 persone, inclusi alcuni rappresentanti del gruppo di lavoro sulla politica spaziali del governo australiano.<\/p>\n<p>&nbsp;<\/p>\n<p>&nbsp;<\/p>\n<p>Si rimanda al sito dell&#8217;<a href=\"https:\/\/ambcanberra.esteri.it\/it\/\">Ambasciata d&#8217;Italia a Canberra<\/a> per ulteriori approfondimenti.<\/p>\n<p><strong>CONTATTI<\/strong><\/p>\n<p>Per ulteriori informazioni e per contattare l&#8217;Addetto Scientifico, Prof. Oscar Moze, presso l&#8217;Ambasciata di Canberra, seguire il link\u00a0<a href=\"http:\/\/www.ambcanberra.esteri.it\/ambasciata_canberra\/it\/i_rapporti_bilaterali\/cooperazione%20scientifica\/politica_ricerca_e_sviluppo\" target=\"_blank\" rel=\"noopener\">Bilateral Scientific Cooperation<\/a>.<\/p>\n","protected":false},"excerpt":{"rendered":"ACCORDO D&#8217;INTESA Un\u00a0Memorandum d&#8217;Intesa\u00a0per la cooperazione scientifica e tecnologica tra\u00a0il Ministero italiano dell&#8217;Istruzione, dell&#8217;Universit\u00e0 e della Ricerca ed il\u00a0Dipartimento australiano dell&#8217;Industria, l&#8217;Innovazione, Cambiamenti Climatici, la Scienza, la Ricerca e l&#8217;Istruzione Terziaria\u00a0\u00e8 stato firmato a Roma il 19\u00a0aprile 2013 dal Ministro dell&#8217;Istruzione, dell&#8217;Universit\u00e0 e della Ricerca, Prof. Francesco Profumo e dall\u2019Ambasciatore\u00a0australiano a\u00a0Roma, David J. Ritchie. Il [&hellip;]","protected":false},"author":3,"featured_media":0,"parent":11,"menu_order":4,"comment_status":"closed","ping_status":"closed","template":"","meta":{"footnotes":""},"class_list":["post-88","page","type-page","status-publish","hentry"],"_links":{"self":[{"href":"https:\/\/conssydney.esteri.it\/it\/wp-json\/wp\/v2\/pages\/88","targetHints":{"allow":["GET"]}}],"collection":[{"href":"https:\/\/conssydney.esteri.it\/it\/wp-json\/wp\/v2\/pages"}],"about":[{"href":"https:\/\/conssydney.esteri.it\/it\/wp-json\/wp\/v2\/types\/page"}],"author":[{"embeddable":true,"href":"https:\/\/conssydney.esteri.it\/it\/wp-json\/wp\/v2\/users\/3"}],"replies":[{"embeddable":true,"href":"https:\/\/conssydney.esteri.it\/it\/wp-json\/wp\/v2\/comments?post=88"}],"version-history":[{"count":2,"href":"https:\/\/conssydney.esteri.it\/it\/wp-json\/wp\/v2\/pages\/88\/revisions"}],"predecessor-version":[{"id":4196,"href":"https:\/\/conssydney.esteri.it\/it\/wp-json\/wp\/v2\/pages\/88\/revisions\/4196"}],"up":[{"embeddable":true,"href":"https:\/\/conssydney.esteri.it\/it\/wp-json\/wp\/v2\/pages\/11"}],"wp:attachment":[{"href":"https:\/\/conssydney.esteri.it\/it\/wp-json\/wp\/v2\/media?parent=88"}],"curies":[{"name":"wp","href":"https:\/\/api.w.org\/{rel}","templated":true}]}}