{"id":789,"date":"2023-05-03T14:49:38","date_gmt":"2023-05-03T04:49:38","guid":{"rendered":"https:\/\/conssydney.esteri.it\/?page_id=789"},"modified":"2025-03-27T14:11:25","modified_gmt":"2025-03-27T03:11:25","slug":"navigazione-marittima","status":"publish","type":"page","link":"https:\/\/conssydney.esteri.it\/it\/servizi-consolari-e-visti\/servizi-per-il-cittadino-italiano\/navigazione-marittima\/","title":{"rendered":"Navigazione Marittima"},"content":{"rendered":"<p><strong><em><u>Adempimenti della nave<\/u><\/em><\/strong><\/p>\n<p>Di seguito vengono indicate le formalit\u00e0 che vanno esperite al momento dell\u2019arrivo e della partenza di una nave italiana in un porto straniero rientrante sotto giurisdizione dell\u2019Autorit\u00e0 consolare del luogo.<\/p>\n<p>&nbsp;<\/p>\n<p><strong><u>Formalit\u00e0\u00a0 per l\u2019ARRIVO <\/u><\/strong><\/p>\n<p>Di seguito vengono indicate le formalit\u00e0 che vanno esperite al momento dell\u2019arrivo e della partenza di una nave italiana in un porto straniero rientrante sotto la giurisdizione dell\u2019Autorit\u00e0 consolare del luogo.<\/p>\n<p>Il Comandante della nave (o persona autorizzata dal comandante), deve far pervenire all\u2019Autorit\u00e0 consolare competente per giurisdizione la <em>Nota di Informazione all\u2019Arrivo <\/em>corredata dai certificati previsti dall\u2019Art. 179 Codice della Navigazione, i formulari indicati di cui alla Convenzione FAL dell&#8217;IMO adottata il 9 aprile 1965, come recepita nell&#8217;ambito dell&#8217;Unione europea:<\/p>\n<ul>\n<li>Formulario FAL n. 1 dichiarazione generale<\/li>\n<li>Formulario FAL n. 2 dichiarazione di carico<\/li>\n<li>Formulario FAL n. 3 dichiarazione delle provviste di bordo<\/li>\n<li>Formulario FAL n. 4 dichiarazione degli effetti personali dell&#8217;equipaggio<\/li>\n<li>Formulario FAL n. 5 ruolo dell&#8217;equipaggio<\/li>\n<li>Formulario FAL n. 6 elenco dei passeggeri<\/li>\n<li>Formulario FAL n. 7 dichiarazione merci pericolose a bordo<\/li>\n<li>Dichiarazione Sanitaria Marittima<\/li>\n<li>Tabella Minima di Armamento<\/li>\n<li>Dichiarazione che non vi siano clandestini a bordo<\/li>\n<li>Eventuale dichiarazione di eventi straordinari verificatisi durante il viaggio<\/li>\n<\/ul>\n<p>&nbsp;<\/p>\n<p>&nbsp;<\/p>\n<p><strong><u>Formalit\u00e0\u00a0 per la PARTENZA<\/u><\/strong><\/p>\n<p>Prima della partenza, il comandante della nave inoltra all\u2019autorit\u00e0 marittima una dichiarazione integrativa relativa all\u2019avvenuto adempimento ad ogni obbligo di sicurezza, di polizia, sanitario, fiscale, contrattuale e statistico (Art. 179 comma 5 del Codice della Navigazione).<\/p>\n<p>La nave non puo&#8217; partire se non ha ricevuto le spedizioni da parte del comandante del porto o dell&#8217;autorita&#8217; consolare. Il rilascio delle spedizioni si effettua mediante apposizione del visto previo adempimento obblighi imposti dalle norme di polizia, di sicurezza della navigazione, nonche&#8217; adempimento degli obblighi relativi alle visite ed alle prescrizioni impartite dalle competenti autorita&#8217; &#8211; Art. 181 Codice della Navigazione.<\/p>\n<p>Secondo quanto previsto dall\u2019Art. 181 del Codice della Navigazione prima di procedere al rilascio della spedizione l\u2019Autorit\u00e0 Consolare \u00e8 tenuta a verificare la regolarit\u00e0 e la validit\u00e0 dei seguenti documenti:<\/p>\n<ul>\n<li>Certificati di sicurezza<\/li>\n<li>Tabella Minima di Armamento<\/li>\n<\/ul>\n<p>&nbsp;<\/p>\n<p><strong><u>Termine per la conclusione dei procedimenti in materia di navigazione<\/u><\/strong><\/p>\n<p>La trattazione delle richieste che esulano dalle formalit\u00e0 di Arrivo \/ Partenza seguir\u00e0 la tempistica dettata dalla legislazione vigente.<\/p>\n<p><u>Il termine ordinario per la conclusione dei procedimenti in materia di navigazione ai sensi dell\u2019Art. 2 comma 2 della L. n. 241\/1990 \u00e8 di 30 giorni, <\/u><u>fatto salvo quanto previsto dall\u2019Art. 2 comma 7 della stessa legge. <\/u><\/p>\n<p>&nbsp;<\/p>\n<p><strong><u>Tabella dei Diritti Consolari da riscuotersi dagli Uffici Diplomatici e Consolari.<\/u><\/strong><\/p>\n<p>Il pagamento pu\u00f2 essere effettuato nelle seguenti modalit\u00e0:<\/p>\n<p>&#8211; Contanti (solo moneta locale)<\/p>\n<p>&#8211; Bonifico<\/p>\n<p><strong><u>Pagamento con Bonifico<\/u><\/strong><\/p>\n<p>Il bonifico deve pervenire in anticipo (almeno 5 giorni prima dell\u2019appuntamento in Consolato) e deve corrispondere esattamente alla percezione consolare dovuta al netto di qualsiasi tassa di riscossione.Per maggiori dettagli pregasi contattarci utilizzando questo <a href=\"https:\/\/forms.zohopublic.eu\/consolatogeneraleditaliaasyd\/form\/ServiziOfferti\/formperma\/QprKKdYDRsgGBDJiDbSXRohmTRJeBP4SDYWi3IkKjaY\" target=\"_blank\" rel=\"noopener\">formulario<\/a>.<\/p>\n<p>Si specifica che eventuali <strong>spese bancarie<\/strong> dovranno essere <strong>interamente a carico del richiedente.<\/strong><\/p>\n<p><strong><a href=\"https:\/\/conssydney.esteri.it\/wp-content\/uploads\/2023\/05\/NAVIGAZIONE-MARITTIMA-Tariffa_consolare_aggiornata__2017.pdf\">Tabella Percezioni Consolari<\/a><\/strong><\/p>\n","protected":false},"excerpt":{"rendered":"Adempimenti della nave Di seguito vengono indicate le formalit\u00e0 che vanno esperite al momento dell\u2019arrivo e della partenza di una nave italiana in un porto straniero rientrante sotto giurisdizione dell\u2019Autorit\u00e0 consolare del luogo. &nbsp; Formalit\u00e0\u00a0 per l\u2019ARRIVO Di seguito vengono indicate le formalit\u00e0 che vanno esperite al momento dell\u2019arrivo e della partenza di una nave [&hellip;]","protected":false},"author":6,"featured_media":0,"parent":93,"menu_order":25,"comment_status":"closed","ping_status":"closed","template":"","meta":{"footnotes":""},"class_list":["post-789","page","type-page","status-publish","hentry"],"_links":{"self":[{"href":"https:\/\/conssydney.esteri.it\/it\/wp-json\/wp\/v2\/pages\/789","targetHints":{"allow":["GET"]}}],"collection":[{"href":"https:\/\/conssydney.esteri.it\/it\/wp-json\/wp\/v2\/pages"}],"about":[{"href":"https:\/\/conssydney.esteri.it\/it\/wp-json\/wp\/v2\/types\/page"}],"author":[{"embeddable":true,"href":"https:\/\/conssydney.esteri.it\/it\/wp-json\/wp\/v2\/users\/6"}],"replies":[{"embeddable":true,"href":"https:\/\/conssydney.esteri.it\/it\/wp-json\/wp\/v2\/comments?post=789"}],"version-history":[{"count":2,"href":"https:\/\/conssydney.esteri.it\/it\/wp-json\/wp\/v2\/pages\/789\/revisions"}],"predecessor-version":[{"id":2892,"href":"https:\/\/conssydney.esteri.it\/it\/wp-json\/wp\/v2\/pages\/789\/revisions\/2892"}],"up":[{"embeddable":true,"href":"https:\/\/conssydney.esteri.it\/it\/wp-json\/wp\/v2\/pages\/93"}],"wp:attachment":[{"href":"https:\/\/conssydney.esteri.it\/it\/wp-json\/wp\/v2\/media?parent=789"}],"curies":[{"name":"wp","href":"https:\/\/api.w.org\/{rel}","templated":true}]}}