{"id":463,"date":"2023-02-06T03:59:55","date_gmt":"2023-02-06T02:59:55","guid":{"rendered":"https:\/\/conssydney.esteri.it\/?page_id=463"},"modified":"2025-05-15T15:56:13","modified_gmt":"2025-05-15T05:56:13","slug":"sposarsi-in-italia","status":"publish","type":"page","link":"https:\/\/conssydney.esteri.it\/it\/servizi-consolari-e-visti\/servizi-per-il-cittadino-italiano\/stato-civile\/sposarsi-in-italia\/","title":{"rendered":"Sposarsi in Italia"},"content":{"rendered":"<p>Quando il matrimonio si celebra in Italia\u00a0e quando <u>almeno uno dei due nubendi\u00a0\u00e8 un cittadino italiano residente in questa circoscrizione consolare<\/u> (ossia iscritto all\u2019Aire) <strong>le pubblicazioni di matrimonio sono obbligatorie<\/strong>.<\/p>\n<p><strong>Per i<u> residenti in Italia (non iscritti AIRE) o temporanei in Australia<\/u><\/strong>, le pubblicazioni andranno richieste ed eseguite presso il Comune di residenza in Italia.<\/p>\n<p>Poich\u00e9 le pubblicazioni <strong>sono valide 180 giorni<\/strong>, vanno richieste<strong>\u00a0nell\u2019arco di tempo tra i 180 giorni e i 30 giorni<\/strong>\u00a0dalla data del matrimonio.<\/p>\n<p>Per le <strong>unioni civili NON<\/strong> sono richieste le pubblicazioni.<\/p>\n<p>Per conoscere in dettaglio la procedura per eseguire le pubblicazioni di matrimonio\u00a0<a href=\"https:\/\/conssydney.esteri.it\/it\/servizi-consolari-e-visti\/servizi-per-il-cittadino-italiano\/stato-civile\/sposarsi-in-italia\/pubblicazioni-di-matrimonio\/\">clicca qui<\/a>.<\/p>\n<p><strong>NOTA BENE<\/strong>: Le pubblicazioni\u00a0<strong>NON vanno eseguite<\/strong>\u00a0se il matrimonio viene celebrato di fronte all\u2019Autorit\u00e0 australiana. In quel caso sar\u00e0 solo necessario procedere alla registrazione del matrimonio una volta ottenutone il certificato (per informazioni\u00a0<a href=\"https:\/\/conssydney.esteri.it\/it\/servizi-consolari-e-visti\/servizi-per-il-cittadino-italiano\/stato-civile\/\">clicca qui<\/a>).<\/p>\n<p>&nbsp;<\/p>\n<h4><strong>CASI PARTICOLARI<\/strong><\/h4>\n<h3><strong><u>Matrimonio in Italia di cittadini australiani o statunitensi<\/u><\/strong><\/h3>\n<p>Il cittadino australiano o statunitense che desidera sposarsi in Italia avr\u00e0 necessit\u00e0 di ottenere <strong>l\u2019ATTO NOTORIO<\/strong>.<\/p>\n<p>Tale documento, nel quale viene dichiarato che nulla osta al matrimonio ai sensi degli artt.95, 86, 89 e 97 del Codice Civile italiano, dovr\u00e0 essere <strong>sottoscritto dall\u2019interessato e da quattro (4) testimoni<\/strong>.<\/p>\n<p>L\u2019atto notorio si pu\u00f2 richiedere:<\/p>\n<ol>\n<li>in Australia, presso il <strong>Consolato competente<\/strong> nel proprio Stato di residenza;<\/li>\n<li>in Italia, presso:\n<ul>\n<li>l\u2019<strong>Ufficio dello Stato Civile del Comune<\/strong> dove il <strong><u>cittadino australiano<\/u><\/strong> intende chiedere la pubblicazione di matrimonio (legge 27 settembre 2002 n. 233) o presso il <strong>Tribunale<\/strong><\/li>\n<li>il <strong>Tribunale<\/strong> nel caso di <strong><u>cittadino statunitense<\/u><\/strong> (legge 13 ottobre 1965, n. 1195)<\/li>\n<\/ul>\n<\/li>\n<\/ol>\n<p>Per le procedure da svolgersi in Italia si rimanda a quanto indicato sui siti web dell\u2019Ambasciata australiana <a href=\"https:\/\/italy.embassy.gov.au\/files\/rome\/MARRIAGE%20IN%20ITALY.pdf\">Marriage in Italy (embassy.gov.au)<\/a> e di quella statunitense a Roma: <a href=\"https:\/\/it.usembassy.gov\/u-s-citizen-services\/marriage\/\">Getting Married in Italy? &#8211; U.S. Embassy &amp; Consulates in Italy (usembassy.gov)<\/a><\/p>\n<p>Per conoscere in dettaglio la procedura per ottenere l\u2019atto notorio presso questo Consolato Generale <a href=\"https:\/\/conssydney.esteri.it\/it\/servizi-consolari-e-visti\/servizi-per-il-cittadino-italiano\/stato-civile\/sposarsi-in-italia\/atto-notorio\/\">clicca qui<\/a>.<\/p>\n<p>Una volta ottenuto l\u2019atto notorio, questo dovr\u00e0 essere presentato alle autorit\u00e0 diplomatico-consolari australiane (o statunitensi) in Italia, che rilasceranno il Nulla Osta, ai sensi dell\u2019art.116 del Codice Civile.<\/p>\n<p><strong>I cittadini australiani o statunitensi dovranno contattare il Comune in cui verranno celebrate le nozze per confermare eventuale documentazione aggiuntiva da presentare<\/strong> <strong>(es. certificato di nascita, certificato di stato libero, certificato di divorzio, certificato di vedovanza).<\/strong><\/p>\n<p>&nbsp;<\/p>\n<h3><strong><u>Matrimonio in Italia di cittadino italiano e straniero non australiano \/ statunitense<\/u><\/strong><\/h3>\n<p>Al fine di poter procedere con le pubblicazioni di matrimonio, nel caso in cui uno dei nubendi sia straniero\u00a0<strong>non australiano\/statunitense<\/strong>, questo Consolato Generale deve ricevere, <strong>in aggiunta ai moduli (<a href=\"https:\/\/conssydney.esteri.it\/wp-content\/uploads\/2023\/05\/RICHIESTA-DI-PUBBLICAZIONI-AL-COMUNE.pdf\" target=\"_blank\" rel=\"noopener\">modulo1<\/a><\/strong> e\/o <strong><a href=\"https:\/\/conssydney.esteri.it\/wp-content\/uploads\/2023\/02\/RICHIESTA-DI-PUBBLICAZIONE-DI-MATRIMONIO-E-LETTERA-DIOCESI.pdf\" target=\"_blank\" rel=\"noopener\">modulo2<\/a>) previsti<\/strong>, anche il\u00a0<strong>Certificato di capacit\u00e0 matrimoniale plurilingue\u00a0<\/strong>oppure<strong>\u00a0<\/strong><strong>il certificato di non impedimento\u00a0o \u201cnulla osta\u201d<\/strong><strong>\u00a0r<\/strong><strong>ilasciato<\/strong> <strong>dal Paese di cui \u00e8 cittadino<\/strong>.<\/p>\n<p>&nbsp;<\/p>\n<p><strong><u>CERTIFICATO DI CAPACIT\u00c0 MATRIMONIALE PLURILINGUE<\/u><\/strong><\/p>\n<p>\u00c8 rilasciato SOLO dalle autorit\u00e0 dei Paesi degli Stati firmatari della Convenzione di Monaco del 1980 (<strong>Austria, Germania, Grecia, Italia, Lussemburgo, Moldova, Paesi Bassi, Portogallo, Spagna, Svizzera, Turchia<\/strong>) ed\u00a0<u>\u00e8\u00a0esente da legalizzazione e traduzione.<\/u><\/p>\n<p>&nbsp;<\/p>\n<p><strong><u>CERTIFICATO DI NON IMPEDIMENTO\u00a0O \u201cNULLA OSTA<\/u><\/strong><strong>\u201d<\/strong><\/p>\n<p>\u00c8 rilasciato dalla competente Rappresentanza diplomatico-consolare dello Stato di cittadinanza accreditata in Italia o dall\u2019Autorit\u00e0 individuata dall\u2019ordinamento dello Stato di cittadinanza del nubendo straniero e deve essere:<\/p>\n<ul>\n<li><strong>legalizzato\u00a0<\/strong>nelle forme previste (legalizzazione consolare o a mezzo apostille, se il Paese emittente aderisce alla\u00a0<a href=\"https:\/\/www.prefettura.it\/FILES\/docs\/1173\/Convenzione_Aja_Stato_applicazione.pdf\">Convenzione dell\u2019Aja del 1961<\/a>). Nel caso di specifici accordi internazionali, il certificato di non impedimento pu\u00f2 essere esente da legalizzazione.<\/li>\n<li><strong>tradotto\u00a0<\/strong>in italiano. Le traduzioni devono recare la certificazione di traduzione: nei Paesi dove esiste la figura giuridica del traduttore ufficiale la conformit\u00e0 pu\u00f2 essere attestata dal traduttore stesso, la cui firma va poi legalizzata. Nei Paesi nei quali tale figura non \u00e8 prevista dall\u2019ordinamento locale occorrer\u00e0 necessariamente fare ricorso alla certificazione di conformit\u00e0 apposta dall\u2019ufficio consolare italiano competente ovvero dalla legalizzazione con Apostille cartacea per i paesi che hanno aderito alla\u00a0<a href=\"https:\/\/www.prefettura.it\/FILES\/docs\/1173\/Convenzione_Aja_Stato_applicazione.pdf\">Convenzione dell\u2019Aja del 1961<\/a>.<\/li>\n<\/ul>\n<p>Tale certificato deve indicare:<\/p>\n<ul>\n<li>cognome, nome, data e luogo di nascita, cittadinanza, residenza, stato libero, nome e cognome dei genitori;<\/li>\n<li>dichiarazione c<u>he non vi sono impedimenti al matrimonio <\/u>secondo le leggi dello Stato di appartenenza;<\/li>\n<li>la data di scioglimento del matrimonio (per la donna divorziata);<\/li>\n<li>la data di vedovanza (per la donna vedova).<\/li>\n<\/ul>\n<p><strong>In aggiunta al nulla osta<\/strong>, questo Ufficio si riserva di richiedere\u00a0<strong>ai cittadini di uno Stato non appartenente all\u2019Unione Europea e non residenti in Italia<\/strong>\u00a0ulteriore documentazione comprovante i requisiti previsti dall\u2019art. 51\u00a0del DPR 396\/2000, trattandosi di atti formati all\u2019estero non registrati in Italia o presso un\u2019autorit\u00e0 consolare italiana (es. l\u2019estratto dell\u2019atto di nascita con indicazione dei nomi dei genitori, il certificato di stato libero).<\/p>\n<p>&nbsp;<\/p>\n<p>&nbsp;<\/p>\n","protected":false},"excerpt":{"rendered":"Quando il matrimonio si celebra in Italia\u00a0e quando almeno uno dei due nubendi\u00a0\u00e8 un cittadino italiano residente in questa circoscrizione consolare (ossia iscritto all\u2019Aire) le pubblicazioni di matrimonio sono obbligatorie. Per i residenti in Italia (non iscritti AIRE) o temporanei in Australia, le pubblicazioni andranno richieste ed eseguite presso il Comune di residenza in Italia. [&hellip;]","protected":false},"author":6,"featured_media":0,"parent":191,"menu_order":9,"comment_status":"closed","ping_status":"closed","template":"","meta":{"footnotes":""},"class_list":["post-463","page","type-page","status-publish","hentry"],"_links":{"self":[{"href":"https:\/\/conssydney.esteri.it\/it\/wp-json\/wp\/v2\/pages\/463","targetHints":{"allow":["GET"]}}],"collection":[{"href":"https:\/\/conssydney.esteri.it\/it\/wp-json\/wp\/v2\/pages"}],"about":[{"href":"https:\/\/conssydney.esteri.it\/it\/wp-json\/wp\/v2\/types\/page"}],"author":[{"embeddable":true,"href":"https:\/\/conssydney.esteri.it\/it\/wp-json\/wp\/v2\/users\/6"}],"replies":[{"embeddable":true,"href":"https:\/\/conssydney.esteri.it\/it\/wp-json\/wp\/v2\/comments?post=463"}],"version-history":[{"count":6,"href":"https:\/\/conssydney.esteri.it\/it\/wp-json\/wp\/v2\/pages\/463\/revisions"}],"predecessor-version":[{"id":3207,"href":"https:\/\/conssydney.esteri.it\/it\/wp-json\/wp\/v2\/pages\/463\/revisions\/3207"}],"up":[{"embeddable":true,"href":"https:\/\/conssydney.esteri.it\/it\/wp-json\/wp\/v2\/pages\/191"}],"wp:attachment":[{"href":"https:\/\/conssydney.esteri.it\/it\/wp-json\/wp\/v2\/media?parent=463"}],"curies":[{"name":"wp","href":"https:\/\/api.w.org\/{rel}","templated":true}]}}