{"id":453,"date":"2023-02-06T03:31:31","date_gmt":"2023-02-06T02:31:31","guid":{"rendered":"https:\/\/conssydney.esteri.it\/?page_id=453"},"modified":"2025-12-17T09:18:47","modified_gmt":"2025-12-16T22:18:47","slug":"cambio-nome-e-o-cognome","status":"publish","type":"page","link":"https:\/\/conssydney.esteri.it\/it\/servizi-consolari-e-visti\/servizi-per-il-cittadino-italiano\/stato-civile\/cambio-nome-e-o-cognome\/","title":{"rendered":"Domanda di cambiamento del nome e\/o cognome"},"content":{"rendered":"<p>Al contrario di quanto accade in Australia, dove la modifica del nome o del cognome avviene attraverso una semplice procedura amministrativa, in Italia\u00a0il cambio del nome e\/o del cognome \u00e8 un procedimento amministrativo che coinvolge diverse autorit\u00e0 (Prefettura, Comune AIRE, Consolato) e si sviluppa in diverse fasi. <strong>Non \u00e8 pertanto possibile fare una stima della durata esatta della procedura, perch\u00e9 dipende da tutte le autorit\u00e0 coinvolte<\/strong>.<\/p>\n<p>Ai sensi del D.P.R. 396\/2000, qualsiasi cittadino italiano che intende cambiare o modificare il proprio nome e\/o cognome <strong>deve essere autorizzato dal Prefetto<\/strong>. Le <strong>richieste devono rivestire carattere eccezionale<\/strong> e sono ammesse esclusivamente in presenza di situazioni oggettivamente rilevanti, <strong>supportate da adeguata documentazione e da significative motivazioni<\/strong>.<\/p>\n<p>In particolare, Il D.P.R. 396\/2000 consente:<\/p>\n<ul>\n<li>Il cambiamento del nome o del cognome perch\u00e9 ridicolo o vergognoso o perch\u00e9 rivela origine naturale (art. 89);<\/li>\n<li>Il cambiamento del nome o aggiunta di altro nome al proprio (art. 89);<\/li>\n<li>Il cambiamento del cognome o aggiunta di altro cognome al proprio (art. 84).<\/li>\n<\/ul>\n<p>&nbsp;<\/p>\n<p>I<strong>n nessun caso pu\u00f2 essere richiesta l\u2019attribuzione di cognomi di importanza storica<\/strong> o comunque <strong>tali da indurre in errore circa l\u2019appartenenza del richiedente a famiglie illustri o particolarmente note<\/strong> nel luogo in cui si trova registrato l\u2019atto di nascita del richiedente o nel luogo di sua residenza.<\/p>\n<p>&nbsp;<\/p>\n<p><strong>Alla donna non \u00e8 permesso cambiare il proprio cognome per assumere quello del marito.<\/strong><\/p>\n<p>&nbsp;<\/p>\n<p><strong>Interessato minorenne<\/strong><\/p>\n<p>Nel caso di domanda di cambiamento di nome e\/o cognome in favore di un figlio minore ITALIANO, il cui atto di nascita sia stato trascritto in Italia, occorre utilizzare uno specifico\u00a0<a href=\"https:\/\/conslondra.esteri.it\/wp-content\/uploads\/2024\/11\/03-Domanda-Cambiamento-COGNOME-e-o-NOME-PER-MINORI-Definitivo-Modulo-1.doc\">modulo<\/a>\u00a0che deve essere\u00a0<u>firmato da entrambi i genitori<\/u>\u00a0e corredato da copia dei passaporti dei genitori e del figlio minore;<\/p>\n<p>&nbsp;<\/p>\n<p><strong>PROCEDURA<\/strong><\/p>\n<p>Il <strong>richiedente<\/strong> deve:<\/p>\n<ul>\n<li>prenotare un appuntamento online per <a href=\"https:\/\/prenotami.esteri.it\/\" target=\"_blank\" rel=\"noopener\">SERVIZI CONSOLARI<\/a><\/li>\n<li>presentare personalmente l&#8217;istanza di cambio <a href=\"https:\/\/conssydney.esteri.it\/wp-content\/uploads\/2023\/02\/1.c-ISTANZA-DI-CAMBIO-NOME.pdf\" target=\"_blank\" rel=\"noopener\">nome<\/a>\/<a href=\"https:\/\/conssydney.esteri.it\/wp-content\/uploads\/2023\/02\/1.a-ISTANZA-DI-CAMBIO-COGNOME.pdf\" target=\"_blank\" rel=\"noopener\">cognome<\/a>, <strong>compilata in italiano<\/strong>, allegando\n<ul>\n<li>fotocopia di un documento di identit\u00e0 italiano<\/li>\n<li>tutta la documentazione che l\u2019interessato ritenga pertinente per giustificare la richiesta. A titolo di esempio, potrebbero essere allegati documenti di stato civile stranieri con le nuove generalit\u00e0, documenti di identificazione italiani e\/o stranieri, dichiarazioni, ecc.<\/li>\n<li>ricevuta di pagamento dell\u2019imposta di bollo pari a Euro 16.00 da effettuarsi alla Prefettura competente tramite bonifico bancario, di cui alle seguenti coordinate bancarie:\n<ul>\n<li style=\"list-style-type: none;\"><\/li>\n<\/ul>\n<p>BENEFICIARIO:\u00a0 \u00a0 \u00a0 \u00a0 <strong>Bilancio dello Stato<\/strong><\/p>\n<p>IBAN:\u00a0 \u00a0 \u00a0 \u00a0 \u00a0 \u00a0 \u00a0 \u00a0 \u00a0 \u00a0 \u00a0 \u00a0 \u00a0 \u00a0 <strong>IT79Z0100003245BE00000000QK<\/strong><\/p>\n<p>BIC:\u00a0 \u00a0 \u00a0 \u00a0 \u00a0 \u00a0 \u00a0 \u00a0 \u00a0 \u00a0 \u00a0 \u00a0 \u00a0 \u00a0 \u00a0 \u00a0<strong>BITAITRRENT<\/strong><\/p>\n<p>CAUSALE:\u00a0 \u00a0 \u00a0 \u00a0 \u00a0 \u00a0 \u00a0 \u00a0 \u00a0 <strong>\u2018codice fiscale del contribuente\u2019 \u2013 Bollo su istanza Prefettura \u2013 anno di riferimento (AAAA) oppure mese\/anno (MM\/AAAA)<\/strong><\/li>\n<\/ul>\n<\/li>\n<\/ul>\n<p>Il <strong>Consolato<\/strong> trasmette la documentazione al Prefetto.<\/p>\n<p><strong>Il Prefetto<\/strong> effettua l\u2019istruttoria e, in presenza dei requisiti previsti, emana un Decreto Provvisorio di<em> cambiamento del\u00a0<\/em>nome e\/o cognome e lo invier\u00e0 a questo Consolato;<\/p>\n<p>Il Consolato ne dar\u00e0 notizia all\u2019interessato, \u00a0che verra\u2019convocato in Consolato per richiedere la pubblicazione del Decreto Provvisorio nell\u2019Albo Consolare per 30 giorni;<\/p>\n<p>Trascorso il termine di 30 giorni, il Consolato dar\u00e0 notizia alla Prefettura competente dell\u2019avvenuta pubblicazione senza opposizioni;<\/p>\n<p>La Prefettura emetter\u00e0 il Decreto Definitivo di cambiamento del nome e\/o cognome e lo trasmetter\u00e0 al Consolato.<\/p>\n<p>Il Consolato invier\u00e0 all\u2019interessato il Decreto Definitivo.<\/p>\n<p>L\u2019<strong>interessato<\/strong>, ricevuto il Decreto Definitivo di cambiamento di nome e\/o di cognome, dovr\u00e0 richiederne la trascrizione al Comune di trascrizione del proprio atto di nascita o al Comune AIRE, a meno che non sia diversamente indicato nel decreto stesso da parte della Prefettura.<\/p>\n<p>Una volta che il Comune avr\u00e0 annotato nei propri registri il cambio di nome e\/o cognome, questo Consolato potr\u00e0 aggiornare la scheda anagrafica dell\u2019interessato e rilasciare nuovi documenti con le nuove generalit\u00e0 (passaporto, carta d\u2019identit\u00e0, codice fiscale, ecc.).<\/p>\n","protected":false},"excerpt":{"rendered":"Al contrario di quanto accade in Australia, dove la modifica del nome o del cognome avviene attraverso una semplice procedura amministrativa, in Italia\u00a0il cambio del nome e\/o del cognome \u00e8 un procedimento amministrativo che coinvolge diverse autorit\u00e0 (Prefettura, Comune AIRE, Consolato) e si sviluppa in diverse fasi. Non \u00e8 pertanto possibile fare una stima della [&hellip;]","protected":false},"author":6,"featured_media":0,"parent":191,"menu_order":8,"comment_status":"closed","ping_status":"closed","template":"","meta":{"footnotes":""},"class_list":["post-453","page","type-page","status-publish","hentry"],"_links":{"self":[{"href":"https:\/\/conssydney.esteri.it\/it\/wp-json\/wp\/v2\/pages\/453","targetHints":{"allow":["GET"]}}],"collection":[{"href":"https:\/\/conssydney.esteri.it\/it\/wp-json\/wp\/v2\/pages"}],"about":[{"href":"https:\/\/conssydney.esteri.it\/it\/wp-json\/wp\/v2\/types\/page"}],"author":[{"embeddable":true,"href":"https:\/\/conssydney.esteri.it\/it\/wp-json\/wp\/v2\/users\/6"}],"replies":[{"embeddable":true,"href":"https:\/\/conssydney.esteri.it\/it\/wp-json\/wp\/v2\/comments?post=453"}],"version-history":[{"count":4,"href":"https:\/\/conssydney.esteri.it\/it\/wp-json\/wp\/v2\/pages\/453\/revisions"}],"predecessor-version":[{"id":4078,"href":"https:\/\/conssydney.esteri.it\/it\/wp-json\/wp\/v2\/pages\/453\/revisions\/4078"}],"up":[{"embeddable":true,"href":"https:\/\/conssydney.esteri.it\/it\/wp-json\/wp\/v2\/pages\/191"}],"wp:attachment":[{"href":"https:\/\/conssydney.esteri.it\/it\/wp-json\/wp\/v2\/media?parent=453"}],"curies":[{"name":"wp","href":"https:\/\/api.w.org\/{rel}","templated":true}]}}