{"id":402,"date":"2023-02-05T22:48:48","date_gmt":"2023-02-05T21:48:48","guid":{"rendered":"https:\/\/conssydney.esteri.it\/?page_id=402"},"modified":"2024-06-24T15:43:43","modified_gmt":"2024-06-24T05:43:43","slug":"affidamento-di-minori-in-caso-di-viaggio","status":"publish","type":"page","link":"https:\/\/conssydney.esteri.it\/it\/servizi-consolari-e-visti\/servizi-per-il-cittadino-italiano\/passaporti-e-carte-didentita\/affidamento-di-minori-in-caso-di-viaggio\/","title":{"rendered":"Affidamento di minori in caso di viaggio"},"content":{"rendered":"<div>\n<p><strong>AFFIDAMENTO DI MINORI CITTADINI ITALIANI A PERSONE DIVERSE DAI GENITORI IN CASO DI VIAGGIO<\/strong><\/p>\n<p>Se si desidera che un minore di anni 14, munito di passaporto individuale, viaggi all\u2019estero accompagnato da una persona diversa dai genitori o affidato al personale di una compagnia aerea, \u00e8 necessario che venga indicato su una apposita dichiarazione il nome della persona, dell&#8217;Ente o della compagnia di trasporto a cui il minore stesso viene affidato.<\/p>\n<p>La dichiarazione di affidamento avr\u00e0 validit\u00e0 massima di 6 mesi, per un solo viaggio di Andata e\/o Ritorno con destinazione determinata.<\/p>\n<p>Per il rilascio della dichiarazione di affidamento bisogna compilare il seguente <strong><a href=\"https:\/\/conssydney.esteri.it\/wp-content\/uploads\/2023\/02\/Dichiarazione_accompagnamento_12.03.pdf\">formulario<\/a><\/strong>.<\/p>\n<p>L&#8217;affidamento pu\u00f2 avvenire anche a favore di pi\u00f9 persone o di pi\u00f9 compagnie aeree.<\/p>\n<p>Per il rilascio della dichiarazione di affidamento, almeno uno dei due genitori dovr\u00e0 presentarsi presso il Consolato Generale munito di tutti i documenti d\u2019identit\u00e0 sia dei genitori che del minore, durante l&#8217;orario di ricevimento al pubblico.\u00a0L&#8217;altro genitore, se anch&#8217;esso cittadino italiano oppure cittadino di un Paese dell\u2019Unione Europea o se non cittadino di un Paese dell\u2019Unione ma residente in Italia, potr\u00e0 concedere il proprio assenso compilando e firmando il modulo di cui sopra allegando alla sottoscrizione, che dovr\u00e0 essere in originale, una copia del proprio documento di identit\u00e0 e affidando tali documenti al genitore che verr\u00e0 presso l\u2019Ufficio. Nel caso invece l\u2019altro genitore sia cittadino di Paese non aderente all\u2019Unione Europea e non regolarmente residente in Italia, dovr\u00e0 presentarsi personalmente presso il Consolato Generale.<\/p>\n<p>&nbsp;<\/p>\n<p>Il rilascio della dichiarazione \u00e8 esente dal pagamento di diritti consolari.<\/p>\n<\/div>\n","protected":false},"excerpt":{"rendered":"AFFIDAMENTO DI MINORI CITTADINI ITALIANI A PERSONE DIVERSE DAI GENITORI IN CASO DI VIAGGIO Se si desidera che un minore di anni 14, munito di passaporto individuale, viaggi all\u2019estero accompagnato da una persona diversa dai genitori o affidato al personale di una compagnia aerea, \u00e8 necessario che venga indicato su una apposita dichiarazione il nome [&hellip;]","protected":false},"author":6,"featured_media":0,"parent":186,"menu_order":4,"comment_status":"closed","ping_status":"closed","template":"","meta":{"footnotes":""},"class_list":["post-402","page","type-page","status-publish","hentry"],"_links":{"self":[{"href":"https:\/\/conssydney.esteri.it\/it\/wp-json\/wp\/v2\/pages\/402","targetHints":{"allow":["GET"]}}],"collection":[{"href":"https:\/\/conssydney.esteri.it\/it\/wp-json\/wp\/v2\/pages"}],"about":[{"href":"https:\/\/conssydney.esteri.it\/it\/wp-json\/wp\/v2\/types\/page"}],"author":[{"embeddable":true,"href":"https:\/\/conssydney.esteri.it\/it\/wp-json\/wp\/v2\/users\/6"}],"replies":[{"embeddable":true,"href":"https:\/\/conssydney.esteri.it\/it\/wp-json\/wp\/v2\/comments?post=402"}],"version-history":[{"count":1,"href":"https:\/\/conssydney.esteri.it\/it\/wp-json\/wp\/v2\/pages\/402\/revisions"}],"predecessor-version":[{"id":2242,"href":"https:\/\/conssydney.esteri.it\/it\/wp-json\/wp\/v2\/pages\/402\/revisions\/2242"}],"up":[{"embeddable":true,"href":"https:\/\/conssydney.esteri.it\/it\/wp-json\/wp\/v2\/pages\/186"}],"wp:attachment":[{"href":"https:\/\/conssydney.esteri.it\/it\/wp-json\/wp\/v2\/media?parent=402"}],"curies":[{"name":"wp","href":"https:\/\/api.w.org\/{rel}","templated":true}]}}