{"id":400,"date":"2023-02-05T22:42:54","date_gmt":"2023-02-05T21:42:54","guid":{"rendered":"https:\/\/conssydney.esteri.it\/?page_id=400"},"modified":"2024-06-24T16:11:36","modified_gmt":"2024-06-24T06:11:36","slug":"atto-di-assenso-per-coloro-che-hanno-figli-minori","status":"publish","type":"page","link":"https:\/\/conssydney.esteri.it\/it\/servizi-consolari-e-visti\/servizi-per-il-cittadino-italiano\/passaporti-e-carte-didentita\/atto-di-assenso-per-coloro-che-hanno-figli-minori\/","title":{"rendered":"Atto di assenso per coloro che hanno figli minori"},"content":{"rendered":"<p><strong>Passaporto\u00a0<\/strong><strong>Carta d\u2019Identit\u00e0 Elettronica \u2013 CIE\u00a0<\/strong><strong>richiesto per il minore<\/strong><\/p>\n<p>Se il passaporto o la\u00a0carta d\u2019identit\u00e0 elettronica (CIE) richiesto \u00e8 in favore di un figlio minore, a tutela dello stesso il genitore che non sottoscrive congiuntamente all\u2019altro la domanda di passaporto o carta d\u2019identit\u00e0 elettronica (CIE) presso il Consolato Generale deve firmare l\u2019<strong><a href=\"https:\/\/conssydney.esteri.it\/wp-content\/uploads\/2024\/06\/Atto-di-assenso_2024_06_24.pdf\">atto di assenso<\/a><\/strong>\u00a0indipendentemente dal proprio stato civile (coniugati, conviventi, separati, divorziati o genitori naturali).<\/p>\n<p>Tale atto pu\u00f2 essere firmato presso il Consolato Generale davanti al Funzionario addetto. In alternativa:<\/p>\n<ul>\n<li>il <strong>cittadino UE<\/strong> pu\u00f2 firmare l\u2019assenso allegando copia del passaporto europeo (pagina con foto\/dati personali e pagina con firma del titolare)<\/li>\n<li>il <strong>cittadino non UE <\/strong>deve firmare l\u2019assenso davanti a un Funzionario di Polizia presso qualunque stazione di Polizia del New South Wales, presentandosi con copia del passaporto o della patente di guida.\u00a0 Il Funzionario di Polizia dovr\u00e0 apporre la propria firma e il timbro della stazione di Polizia sia sulla copia del passaporto\/della patente, certificandone la copia conforme all\u2019originale, sia sull\u2019atto di assenso nel campo dedicato.<\/li>\n<\/ul>\n<p>Il genitore non cittadino dell\u2019Unione Europea che si trovi in Italia o in altro Paese straniero dovr\u00e0 firmare l\u2019assenso di fronte ad Pubblico Ufficiale in Italia oppure presso l\u2019Ambasciata o il Consolato italiano presente nel Paese estero in cui si trova, che provvederanno ad inviarlo a questo Consolato Generale via pec.<\/p>\n<p>L\u2019atto di assenso ha validit\u00e0 di\u00a0<strong><u>30 giorni<\/u><\/strong>\u00a0dalla data della firma.<\/p>\n<p>In caso di decesso di uno dei genitori occorre presentare una copia del certificato di morte.<\/p>\n<p><strong>Mancanza dell\u2019assenso<\/strong><\/p>\n<p>In mancanza dell&#8217;assenso dell\u2019altro genitore il richiedente il passaporto o carta d\u2019identit\u00e0 elettronica (CIE) pu\u00f2 avviare la procedura di emissione di un Decreto Consolare con il quale il Console Generale, in veste di Giudice Tutelare, pu\u00f2 eccezionalmente autorizzare il rilascio del passaporto o carta d\u2019identit\u00e0 elettronica (CIE) o di altro documento di viaggio.<\/p>\n<p>Questa procedura prevede la richiesta formale dell\u2019interessato indicante i motivi del mancato assenso da parte dell\u2019altro genitore al rilascio del passaporto carta d\u2019identit\u00e0 elettronica (CIE) e le ragioni per cui il rifiuto viene eventualmente ritenuto pretestuoso o ingiustificato. Deve inoltre contenere informazioni dettagliate e copie dei documenti inerenti agli obblighi imposti alla patria potest\u00e0 e all&#8217;affidamento del minore e deve indicare l&#8217;ultimo indirizzo ed i riferimenti telefonici del genitore non consenziente ai quali l\u2019Ufficio Consolare si possa eventualmente riferire direttamente.<\/p>\n<p>Se vengono accertate come ingiustificate le ragioni del dissenso dell&#8217;altro genitore, il Console Generale, in qualit\u00e0 di Giudice Tutelare pu\u00f2 autorizzare, con apposito Decreto, il rilascio del passaporto o di altro documento di viaggio.<\/p>\n<p>Questa procedura di volontaria giurisdizione \u00e8 da considerarsi di natura eccezionale e pu\u00f2 essere di conseguenza utilizzata solo in caso di assoluta impossibilit\u00e0 ad ottenere l&#8217;atto di assenso previsto dalla legge da parte del richiedente.<\/p>\n","protected":false},"excerpt":{"rendered":"Passaporto\u00a0Carta d\u2019Identit\u00e0 Elettronica \u2013 CIE\u00a0richiesto per il minore Se il passaporto o la\u00a0carta d\u2019identit\u00e0 elettronica (CIE) richiesto \u00e8 in favore di un figlio minore, a tutela dello stesso il genitore che non sottoscrive congiuntamente all\u2019altro la domanda di passaporto o carta d\u2019identit\u00e0 elettronica (CIE) presso il Consolato Generale deve firmare l\u2019atto di assenso\u00a0indipendentemente dal proprio [&hellip;]","protected":false},"author":6,"featured_media":0,"parent":186,"menu_order":3,"comment_status":"closed","ping_status":"closed","template":"","meta":{"footnotes":""},"class_list":["post-400","page","type-page","status-publish","hentry"],"_links":{"self":[{"href":"https:\/\/conssydney.esteri.it\/it\/wp-json\/wp\/v2\/pages\/400","targetHints":{"allow":["GET"]}}],"collection":[{"href":"https:\/\/conssydney.esteri.it\/it\/wp-json\/wp\/v2\/pages"}],"about":[{"href":"https:\/\/conssydney.esteri.it\/it\/wp-json\/wp\/v2\/types\/page"}],"author":[{"embeddable":true,"href":"https:\/\/conssydney.esteri.it\/it\/wp-json\/wp\/v2\/users\/6"}],"replies":[{"embeddable":true,"href":"https:\/\/conssydney.esteri.it\/it\/wp-json\/wp\/v2\/comments?post=400"}],"version-history":[{"count":2,"href":"https:\/\/conssydney.esteri.it\/it\/wp-json\/wp\/v2\/pages\/400\/revisions"}],"predecessor-version":[{"id":2261,"href":"https:\/\/conssydney.esteri.it\/it\/wp-json\/wp\/v2\/pages\/400\/revisions\/2261"}],"up":[{"embeddable":true,"href":"https:\/\/conssydney.esteri.it\/it\/wp-json\/wp\/v2\/pages\/186"}],"wp:attachment":[{"href":"https:\/\/conssydney.esteri.it\/it\/wp-json\/wp\/v2\/media?parent=400"}],"curies":[{"name":"wp","href":"https:\/\/api.w.org\/{rel}","templated":true}]}}