{"id":3299,"date":"2025-06-24T13:24:04","date_gmt":"2025-06-24T03:24:04","guid":{"rendered":"https:\/\/conssydney.esteri.it\/?page_id=3299"},"modified":"2026-02-26T08:22:46","modified_gmt":"2026-02-25T21:22:46","slug":"cosa-presentare-per-registrare-la-nascita-in-australia-di-figli-minorenni","status":"publish","type":"page","link":"https:\/\/conssydney.esteri.it\/it\/servizi-consolari-e-visti\/servizi-per-il-cittadino-italiano\/stato-civile\/registrare-la-nascita-di-figli-minorenni\/cosa-presentare-per-registrare-la-nascita-in-australia-di-figli-minorenni\/","title":{"rendered":"Cosa presentare per registrare i figli minorenni nati in Australia"},"content":{"rendered":"<p>Per registrare la nascita di minorenni avvenuta in Australia, questo Ufficio deve ricevere:<\/p>\n<ol>\n<li>la <a href=\"https:\/\/conssydney.esteri.it\/wp-content\/uploads\/2025\/06\/RICHIESTA-TRASCRIZIONE-NASCITA.pdf\">richiesta di trascrizione<\/a> della nascita di minore;<\/li>\n<li>l&#8217;atto di nascita originale, emesso dal \u201c<a href=\"https:\/\/www.nsw.gov.au\/births-deaths-marriages\">Registry of Births, Deaths and Marriages<\/a>\u201c, legalizzato per mezzo di apostille (rilasciata dal \u201c<a href=\"https:\/\/www.smartraveller.gov.au\/consular-services\/notarial-services\/documents-in-australia\">Department of Foreign Affairs and Trade<\/a>\u201c)<\/li>\n<\/ol>\n<ol start=\"3\">\n<li>la traduzione in lingua italiana dell\u2019atto di nascita, effettuata da un traduttore ufficiale <a href=\"https:\/\/conssydney.esteri.it\/it\/servizi-consolari-e-visti\/servizi-per-il-cittadino-italiano\/elenchi\/\">NAATI<\/a> o autonomamente. Nel caso si optasse per la traduzione in autonomia, si fa presente che essa dovr\u00e0 essere totalmente conforme al testo originale. Qualora questo Ufficio dovesse riscontrare difformit\u00e0 rispetto al testo in lingua inglese o mancanza di elementi, tutta la documentazione verr\u00e0 restituita al richiedente per il relativo perfezionamento; Si precisa che NON \u00e8 richiesta la traduzione dell\u2019apostille. Si precisa che NON \u00e8 richiesta la legalizzazione per mezzo di apostille della taduzione.<\/li>\n<\/ol>\n<ol start=\"4\">\n<li>fotocopia dei passaporti dei genitori (italiano e straniero).<\/li>\n<li><u>caso di <\/u><u>genitore\u00a0(anche adottivo) <\/u><u>in possesso <\/u><u>esclusivamente <\/u><u>della <\/u><u>cittadinanza italiana\u00a0al momento della nascita del minore<\/u>:\n<ol>\n<li style=\"list-style-type: none;\">\n<ul>\n<li>copia del visto emessa in data successiva alla nascita del minore, oppure<\/li>\n<li>certificato di cittadinanza straniera con data dell\u2019acquisto (antecedente alla nascita del minore), oppure<\/li>\n<li>certificato di non naturalizzazione da richiedere alle competenti Autorit\u00e0 straniere;<\/li>\n<\/ul>\n<\/li>\n<\/ol>\n<p><u>caso di <\/u><u>genitore (anche adottivo) italiano <\/u><u>in possesso <\/u><u>di altra<\/u> <u>cittadinanza al momento della nascita del minore<\/u>:<\/p>\n<ol>\n<li style=\"list-style-type: none;\">\n<ul>\n<li>certificato di residenza storico da richiedere al Comune italiano, che dimostri di aver risieduto in Italia per almeno due anni continuativi,\u00a0successivamente all\u2019acquisto della cittadinanza italiana e prima della nascita o adozione del minore;<\/li>\n<\/ul>\n<\/li>\n<\/ol>\n<p><u>caso di <\/u><u>nonno <\/u><u>in possesso<\/u><u> esclusivamente <\/u><u>della <\/u><u>cittadinanza italiana\u00a0al momento della nascita del minore<\/u>:<\/p>\n<ol>\n<li style=\"list-style-type: none;\">\n<ul>\n<li>copia del passaporto italiano in corso di validit\u00e0;<\/li>\n<li>copia del visto emessa in data successiva alla nascita del minore, oppure<\/li>\n<li>certificato di cittadinanza straniera con data dell\u2019acquisto (antecedente alla nascita del minore), oppure<\/li>\n<li>certificato di non naturalizzazione da richiedere alle competenti Autorit\u00e0 straniere;<\/li>\n<\/ul>\n<\/li>\n<\/ol>\n<\/li>\n<\/ol>\n<p>La documentazione sopra citata deve essere consegnata di persona presso questo Consolato Generale durante gli orari di apertura al pubblico, <span style=\"text-decoration: underline;\"><strong>senza<\/strong> <\/span>bisogno di appuntamento, oppure inviata per posta ordinaria ad uno di questi <a href=\"https:\/\/conssydney.esteri.it\/en\/chi-siamo\/gli-uffici\/\" target=\"_blank\" rel=\"noopener\">indirizzi<\/a>.<\/p>\n","protected":false},"excerpt":{"rendered":"Per registrare la nascita di minorenni avvenuta in Australia, questo Ufficio deve ricevere: la richiesta di trascrizione della nascita di minore; l&#8217;atto di nascita originale, emesso dal \u201cRegistry of Births, Deaths and Marriages\u201c, legalizzato per mezzo di apostille (rilasciata dal \u201cDepartment of Foreign Affairs and Trade\u201c) la traduzione in lingua italiana dell\u2019atto di nascita, effettuata [&hellip;]","protected":false},"author":9,"featured_media":0,"parent":2806,"menu_order":1,"comment_status":"closed","ping_status":"closed","template":"","meta":{"footnotes":""},"class_list":["post-3299","page","type-page","status-publish","hentry"],"_links":{"self":[{"href":"https:\/\/conssydney.esteri.it\/it\/wp-json\/wp\/v2\/pages\/3299","targetHints":{"allow":["GET"]}}],"collection":[{"href":"https:\/\/conssydney.esteri.it\/it\/wp-json\/wp\/v2\/pages"}],"about":[{"href":"https:\/\/conssydney.esteri.it\/it\/wp-json\/wp\/v2\/types\/page"}],"author":[{"embeddable":true,"href":"https:\/\/conssydney.esteri.it\/it\/wp-json\/wp\/v2\/users\/9"}],"replies":[{"embeddable":true,"href":"https:\/\/conssydney.esteri.it\/it\/wp-json\/wp\/v2\/comments?post=3299"}],"version-history":[{"count":6,"href":"https:\/\/conssydney.esteri.it\/it\/wp-json\/wp\/v2\/pages\/3299\/revisions"}],"predecessor-version":[{"id":4311,"href":"https:\/\/conssydney.esteri.it\/it\/wp-json\/wp\/v2\/pages\/3299\/revisions\/4311"}],"up":[{"embeddable":true,"href":"https:\/\/conssydney.esteri.it\/it\/wp-json\/wp\/v2\/pages\/2806"}],"wp:attachment":[{"href":"https:\/\/conssydney.esteri.it\/it\/wp-json\/wp\/v2\/media?parent=3299"}],"curies":[{"name":"wp","href":"https:\/\/api.w.org\/{rel}","templated":true}]}}