{"id":2834,"date":"2025-03-13T15:35:42","date_gmt":"2025-03-13T04:35:42","guid":{"rendered":"https:\/\/conssydney.esteri.it\/?page_id=2834"},"modified":"2025-07-16T15:36:16","modified_gmt":"2025-07-16T05:36:16","slug":"registrare-atti-di-morte","status":"publish","type":"page","link":"https:\/\/conssydney.esteri.it\/it\/servizi-consolari-e-visti\/servizi-per-il-cittadino-italiano\/stato-civile\/registrare-atti-di-morte\/","title":{"rendered":"Registrare Atti di Morte"},"content":{"rendered":"<p>Per registrare in Italia atti di morte emessi<strong> <u>in Australia<\/u><\/strong> questo Ufficio deve ricevere:<\/p>\n<ol>\n<li><strong><a href=\"https:\/\/conssydney.esteri.it\/wp-content\/uploads\/2023\/02\/RICHIESTA-TRASCRIZIONE-ATTI.pdf\">Richiesta di trascrizione<\/a> dell\u2019atto di morte<\/strong>;<\/li>\n<li>Atto di morte emesso dal \u201c<a href=\"https:\/\/www.nsw.gov.au\/births-deaths-marriages\"><em><strong>Registry of Births, Deaths and Marriages<\/strong><\/em><\/a>\u201c, legalizzato per mezzo di apostille (rilasciata dal \u201c<a href=\"https:\/\/www.smartraveller.gov.au\/consular-services\/notarial-services\/documents-in-australia\"><strong><em>Department of Foreign Affairs and Trade<\/em><\/strong><\/a>\u201c)<\/li>\n<li>Traduzione in lingua italiana dell\u2019atto di morte, effettuata da un traduttore ufficiale <a href=\"https:\/\/conssydney.esteri.it\/it\/servizi-consolari-e-visti\/servizi-per-il-cittadino-italiano\/elenchi\/\"><strong>NAATI<\/strong><\/a> o autonomamente. Nel caso si optasse per la traduzione in autonomia, si fa presente che essa dovr\u00e0 essere <u>totalmente conforme al testo originale<\/u>. Qualora questo Ufficio dovesse riscontrare difformit\u00e0 rispetto al testo in lingua inglese o mancanza di elementi, tutta la documentazione verr\u00e0 restituita al richiedente per il relativo perfezionamento; <strong><strong>si precisa che NON \u00e8 richiesta la traduzione dell\u2019apostille.<\/strong><\/strong><\/li>\n<li>Documentazione relativa alla cittadinanza del defunto: passaporto italiano o certificato di cittadinanza italiana.<\/li>\n<\/ol>\n<p>&nbsp;<\/p>\n<p>La documentazione sopra citata pu\u00f2 essere inviata per posta ad uno di questi<strong>\u00a0<\/strong><a href=\"https:\/\/conssydney.esteri.it\/it\/chi-siamo\/gli-uffici\/\"><strong>indirizzi<\/strong><\/a> oppure consegnata di persona presso questo Cosolato Generale durante gli orari di apertura al pubblico, <strong>senza<\/strong> bisogno di appuntamento.<\/p>\n","protected":false},"excerpt":{"rendered":"Per registrare in Italia atti di morte emessi in Australia questo Ufficio deve ricevere: Richiesta di trascrizione dell\u2019atto di morte; Atto di morte emesso dal \u201cRegistry of Births, Deaths and Marriages\u201c, legalizzato per mezzo di apostille (rilasciata dal \u201cDepartment of Foreign Affairs and Trade\u201c) Traduzione in lingua italiana dell\u2019atto di morte, effettuata da un traduttore [&hellip;]","protected":false},"author":9,"featured_media":0,"parent":191,"menu_order":7,"comment_status":"closed","ping_status":"closed","template":"","meta":{"footnotes":""},"class_list":["post-2834","page","type-page","status-publish","hentry"],"_links":{"self":[{"href":"https:\/\/conssydney.esteri.it\/it\/wp-json\/wp\/v2\/pages\/2834","targetHints":{"allow":["GET"]}}],"collection":[{"href":"https:\/\/conssydney.esteri.it\/it\/wp-json\/wp\/v2\/pages"}],"about":[{"href":"https:\/\/conssydney.esteri.it\/it\/wp-json\/wp\/v2\/types\/page"}],"author":[{"embeddable":true,"href":"https:\/\/conssydney.esteri.it\/it\/wp-json\/wp\/v2\/users\/9"}],"replies":[{"embeddable":true,"href":"https:\/\/conssydney.esteri.it\/it\/wp-json\/wp\/v2\/comments?post=2834"}],"version-history":[{"count":3,"href":"https:\/\/conssydney.esteri.it\/it\/wp-json\/wp\/v2\/pages\/2834\/revisions"}],"predecessor-version":[{"id":3495,"href":"https:\/\/conssydney.esteri.it\/it\/wp-json\/wp\/v2\/pages\/2834\/revisions\/3495"}],"up":[{"embeddable":true,"href":"https:\/\/conssydney.esteri.it\/it\/wp-json\/wp\/v2\/pages\/191"}],"wp:attachment":[{"href":"https:\/\/conssydney.esteri.it\/it\/wp-json\/wp\/v2\/media?parent=2834"}],"curies":[{"name":"wp","href":"https:\/\/api.w.org\/{rel}","templated":true}]}}