{"id":2249,"date":"2024-06-24T15:56:01","date_gmt":"2024-06-24T05:56:01","guid":{"rendered":"https:\/\/conssydney.esteri.it\/?page_id=2249"},"modified":"2024-06-24T15:56:01","modified_gmt":"2024-06-24T05:56:01","slug":"carta-didentita-elettronica-cie","status":"publish","type":"page","link":"https:\/\/conssydney.esteri.it\/it\/servizi-consolari-e-visti\/servizi-per-il-cittadino-italiano\/passaporti-e-carte-didentita\/carta-didentita-elettronica-cie\/","title":{"rendered":"Carta d\u2019Identit\u00e0 Elettronica \u2013 CIE"},"content":{"rendered":"<p>La carta d\u2019identit\u00e0 \u00e8 un documento personale di riconoscimento valido per identificarsi e circolare nell\u2019Unione Europea, in alcuni Stati aderenti all\u2019accordo di Schengen (ad es. Islanda, Norvegia e Svizzera) e in altri Stati con cui sono in vigore accordi internazionali bilaterali (vedasi le singole \u201cschede Paese\u201d sul sito\u00a0<a href=\"http:\/\/www.viaggiaresicuri.it\/\">www.viaggiaresicuri.it<\/a>).<\/p>\n<p>\u00c8 possibile\u00a0 richiedere la nuova Carta di identit\u00e0 elettronica (CIE) previo appuntamento, tramite la piattaforma\u00a0<a href=\"https:\/\/prenotami.esteri.it\/\">PRENOT@MI.<\/a><\/p>\n<p>La CIE pu\u00f2 essere rilasciata esclusivamente ai cittadini Italiani regolarmente residenti\u00a0nel Nuovo Galles del Sud (NSW) e che siano gi\u00e0 iscritti all\u2019AIRE (Anagrafe degli Italiani Residenti all\u2019Estero).<\/p>\n<p>&nbsp;<\/p>\n<p><strong>Validit\u00e0 temporale<\/strong><\/p>\n<p>La validit\u00e0 della carta d\u2019identit\u00e0 varia a seconda all\u2019et\u00e0 del titolare:<\/p>\n<ul>\n<li>\u00a03 anni per i minori di et\u00e0 inferiore a 3 anni;<\/li>\n<li>\u00a05 anni per i minori di et\u00e0 compresa tra i 3\u00a0e i 18 anni;<\/li>\n<li>\u00a010 anni per i maggiorenni.<\/li>\n<\/ul>\n<p>&nbsp;<\/p>\n<p><strong>Modalit\u00e0 di richiesta<\/strong><\/p>\n<p>La richiesta della carta d\u2019identit\u00e0 elettronica deve essere presentata utilizzando esclusivamente la piattaforma\u00a0<a href=\"https:\/\/prenotami.esteri.it\/\">Prenot@MI.<\/a><\/p>\n<p><strong>Prima di prenotare l\u2019appuntamento, <\/strong>nel caso di cambio di indirizzo di residenza, assicurarsi di aggiornare la variazione di indirizzo tramite il portale\u00a0<a href=\"https:\/\/serviziconsolari.esteri.it\/ScoFE\/index.sco\">FAST IT<\/a>\u00a0.<\/p>\n<p><strong>ATTENZIONE:<\/strong> Nel caso in cui, a seguito delle verifiche, emergessero elementi ostativi al rilascio della CIE, sar\u00e0 cura di questo Consolato Generale informare l\u2019interessato ai fini della cancellazione dell\u2019appuntamento.<\/p>\n<p>La presenza del richiedente e\/o del titolare della carta richiesta \u00e8 <strong>obbligatoria<\/strong>, in quanto il giorno dell\u2019appuntamento saranno acquisiti i dati biometrici.<\/p>\n<p>&nbsp;<\/p>\n<p><strong>Documentazione necessaria per maggiorenni: <\/strong><\/p>\n<ul>\n<li>Carta d\u2019Identit\u00e0 italiana anche se scaduta o passaporto italiano;<\/li>\n<li><strong>ATTENZIONE: Se il richiedente non possiede un documento di identit\u00e0 valido dovr\u00e0 presentarsi accompagnato da due testimoni. Saranno necessari due testimoni anche qualora si richieda il rilascio della CIE per minori che non possiedano altri documenti di identit\u00e0<\/strong>;<\/li>\n<li><strong>Non \u00e8 necessario procurare le fotografie in anticipo, verranno infatti scattate durante l\u2019appuntamento.<\/strong><\/li>\n<\/ul>\n<p>&nbsp;<\/p>\n<p><strong>\u00a0Documentazione necessaria per minorenni:<\/strong><\/p>\n<ul>\n<li>Carta d\u2019Identit\u00e0 italiana anche se scaduta o passaporto italiano;<\/li>\n<li>Se solo uno dei due genitori pu\u00f2 essere presente durante l\u2019appuntamento, \u00e8 necessario presentare l\u2019<a href=\"https:\/\/conssydney.esteri.it\/it\/servizi-consolari-e-visti\/servizi-per-il-cittadino-italiano\/passaporti-e-carte-didentita\/atto-di-assenso-per-coloro-che-hanno-figli-minori\/\">atto di assenso<\/a> firmato dal genitore assente. L\u2019atto di assenso \u00e8 obbligatorio anche se il proprio stato civile \u00e8 celibe\/nubile, in relazione di fatto (de facto), coniugati, separati o divorziati;<\/li>\n<li><strong>\u00c8 necessario presentare le fotografie <span style=\"color: #ff0000;\"><span style=\"text-decoration: underline;\">SOLO<\/span> <\/span>per minori di et\u00e0 inferiore ai 5 anni.<\/strong><\/li>\n<li>Se uno dei due genitori \u00e8 deceduto, sar\u00e0 necessario presentare il certificato di morte;<\/li>\n<\/ul>\n<p><strong>ATTENZIONE: I MINORENNI DEVONO ESSERE PRESENTI DURANTE L\u2019APPUNTAMENTO PER IL RILASCIO DELLA CIE<\/strong><\/p>\n<p>&nbsp;<\/p>\n<p><strong>Smarrimento\/Furto e rinvenimento carte di identit\u00e0<\/strong><\/p>\n<ul>\n<li>Denunciare l\u2019accaduto presso le Autorit\u00e0 di Polizia del NSW e prendere nota del numero di denuncia.<\/li>\n<li>Compilare il modulo di denuncia di<strong>\u00a0<\/strong><a href=\"https:\/\/conssydney.esteri.it\/wp-content\/uploads\/2023\/02\/Passaporto-Denuncia-furto.pdf\">furto<\/a>\u00a0o\u00a0<a href=\"https:\/\/conssydney.esteri.it\/wp-content\/uploads\/2023\/02\/Passaporto-Denuncia-smarrimento.pdf\">smarrimento<\/a>\u00a0della CIE e consegnarla\u00a0personalmente\u00a0al Consolato Generale, muniti di un altro documento di identit\u00e0.<\/li>\n<\/ul>\n<p>&nbsp;<\/p>\n<p><strong>Costo<\/strong><\/p>\n<p>Il pagamento dovr\u00e0 essere effettuato il giorno dell\u2019appuntamento tramite carta di debito o contanti.\u00a0 Per il costo della CIE, consultare il <a href=\"https:\/\/conssydney.esteri.it\/it\/servizi-consolari-e-visti\/servizi-per-il-cittadino-italiano\/percezioni-consolari\/\">Tariffario percezioni consolari<\/a>. I pagamenti possono essere effettuati sia con bancomat australiano (<em>debit card<\/em>)\u00a0sia in contanti.<\/p>\n<p>&nbsp;<\/p>\n<p><strong>Consegna della carta d\u2019identit\u00e0<\/strong><\/p>\n<p>La CIE verr\u00e0 recapitata tramite posta ordinaria presso l\u2019indirizzo di residenza dichiarato dal richiedente.<\/p>\n<p>In caso di mancata consegna, \u00e8 prevista la giacenza presso il locale ufficio postale, al termine della quale il plico verr\u00e0 restituito a questo Consolato Generale, dove sar\u00e0 possibile effettuarne il ritiro.<\/p>\n","protected":false},"excerpt":{"rendered":"La carta d\u2019identit\u00e0 \u00e8 un documento personale di riconoscimento valido per identificarsi e circolare nell\u2019Unione Europea, in alcuni Stati aderenti all\u2019accordo di Schengen (ad es. Islanda, Norvegia e Svizzera) e in altri Stati con cui sono in vigore accordi internazionali bilaterali (vedasi le singole \u201cschede Paese\u201d sul sito\u00a0www.viaggiaresicuri.it). \u00c8 possibile\u00a0 richiedere la nuova Carta di [&hellip;]","protected":false},"author":6,"featured_media":0,"parent":186,"menu_order":2,"comment_status":"closed","ping_status":"closed","template":"","meta":{"footnotes":""},"class_list":["post-2249","page","type-page","status-publish","hentry"],"_links":{"self":[{"href":"https:\/\/conssydney.esteri.it\/it\/wp-json\/wp\/v2\/pages\/2249","targetHints":{"allow":["GET"]}}],"collection":[{"href":"https:\/\/conssydney.esteri.it\/it\/wp-json\/wp\/v2\/pages"}],"about":[{"href":"https:\/\/conssydney.esteri.it\/it\/wp-json\/wp\/v2\/types\/page"}],"author":[{"embeddable":true,"href":"https:\/\/conssydney.esteri.it\/it\/wp-json\/wp\/v2\/users\/6"}],"replies":[{"embeddable":true,"href":"https:\/\/conssydney.esteri.it\/it\/wp-json\/wp\/v2\/comments?post=2249"}],"version-history":[{"count":1,"href":"https:\/\/conssydney.esteri.it\/it\/wp-json\/wp\/v2\/pages\/2249\/revisions"}],"predecessor-version":[{"id":2252,"href":"https:\/\/conssydney.esteri.it\/it\/wp-json\/wp\/v2\/pages\/2249\/revisions\/2252"}],"up":[{"embeddable":true,"href":"https:\/\/conssydney.esteri.it\/it\/wp-json\/wp\/v2\/pages\/186"}],"wp:attachment":[{"href":"https:\/\/conssydney.esteri.it\/it\/wp-json\/wp\/v2\/media?parent=2249"}],"curies":[{"name":"wp","href":"https:\/\/api.w.org\/{rel}","templated":true}]}}