{"id":189,"date":"2023-01-18T19:55:12","date_gmt":"2023-01-18T18:55:12","guid":{"rendered":"https:\/\/conssydney.esteri.it\/?page_id=189"},"modified":"2023-06-16T07:58:30","modified_gmt":"2023-06-15T21:58:30","slug":"anagrafe-degli-italiani-residenti-allestero-aire","status":"publish","type":"page","link":"https:\/\/conssydney.esteri.it\/it\/servizi-consolari-e-visti\/servizi-per-il-cittadino-italiano\/anagrafe-degli-italiani-residenti-allestero-aire\/","title":{"rendered":"Anagrafe degli Italiani residenti all\u2019estero (AIRE)"},"content":{"rendered":"<p>Ogni Comune italiano tiene un registro aggiornato dei suoi cittadini che risiedono all\u2019estero (AIRE), cos\u00ec come ogni Consolato tiene uno schedario dei cittadini che risiedono nella propria circoscrizione consolare (Anagrafe Consolare). Il Consolato svolge per il cittadino che risiede all\u2019estero alcune delle funzioni che il Comune svolge per chi risiede in territorio metropolitano.<\/p>\n<p>A norma della Legge 470 del 27 ottobre 1988 i cittadini italiani che trasferiscono la loro residenza da un comune italiano all&#8217;estero devono farne dichiarazione all&#8217;ufficio consolare della circoscrizione di immigrazione\u00a0<em><strong>entro novanta giorni dalla immigrazione<\/strong><\/em>.<\/p>\n<p>Per i residenti nello Stato del Nuovo Galles del Sud (escluse le citt\u00e0 di Queanbeyan e Cooma che ricadono nella competenza dell&#8217;Ambasciata d&#8217;Italia a Canberra), detta dichiarazione deve essere resa presso il Consolato Generale d\u2019Italia a Sydney.<\/p>\n<p>Per approfondimenti sull&#8217;AIRE\u00a0si rimanda al\u00a0<a href=\"http:\/\/www.esteri.it\/mae\/it\/italiani_nel_mondo\/serviziconsolari\/aire.html\" target=\"_blank\" rel=\"noopener\">sito del Ministero Affari Esteri e della Cooperazione Internazionale<\/a> e si raccomanda\u00a0di \u00a0controllare la <a href=\"https:\/\/conssydney.esteri.it\/wp-content\/uploads\/2023\/02\/AIRE-2012-GUIDA-MINISTERO-DELLINTERNO.pdf\">guida dei diritti e doveri del cittadino italiano residente all&#8217;estero<\/a>\u00a0pubblicata dal Ministero dell&#8217;Interno, nonch\u00e9\u00a0 la <a href=\"https:\/\/conssydney.esteri.it\/wp-content\/uploads\/2023\/02\/GUIDA-FISCALE-PER-I-RESIDENTI-ALLESTERO.pdf\">guida fiscale per i residenti all&#8217;estero<\/a>.<\/p>\n<p>&nbsp;<\/p>\n<p><strong>ISCRIZIONE ALL&#8217;A.I.R.E.<\/strong><\/p>\n<p>I cittadini italiani che intendano rimanere in Australia per pi\u00f9 di 12 mesi devono iscriversi all\u2019A.I.R.E. preferibilmente attraverso l\u2019uso del portale\u00a0 <strong><a href=\"https:\/\/serviziconsolari.esteri.it\/ScoFE\/index.sco\">FAST IT<\/a>.\u00a0<\/strong><\/p>\n<p><strong>Tale portale <\/strong>consente agli iscritti A.I.R.E. di monitorare lo stato delle proprie pratiche in piena autonomia e di inviare le comunicazioni di variazioni di indirizzo o di altri dati in maniera celere e immediata.<\/p>\n<p><em><strong>Documenti da allegare alla richiesta di iscrizione:<\/strong><\/em><\/p>\n<ul>\n<li>copia scansionata del passaporto italiano per ognuno dei membri della famiglia in possesso della cittadinanza italiana. Qualora non si possieda un passaporto italiano, allegare il certificato di nascita\u00a0<strong>emesso dal Comune italiano<\/strong>;<\/li>\n<li>copia scansionata\u00a0di documento comprovante l\u2019effettivo domicilio nella circoscrizione (in alternativa tra loro: patente di guida, copia di bollette di utenze domestiche, ecc.)<\/li>\n<\/ul>\n<p><b>Nota tecnica: Si accettano solo documenti pdf scansionati a 150-200dpi. Non saranno accettate foto fatte con dispositivi mobili o immagini. Tramite il portale online, \u00e8 possibile caricare 3 file pdf multi pagina (fino a 1MB ciascuno).<\/b><\/p>\n<p><em><strong>Attenzione<\/strong><\/em><\/p>\n<ul>\n<li>La creazione dell&#8217;utenza in Fast It NON COMPORTA automaticamente l\u2019iscrizione\/aggiornamento AIRE.<\/li>\n<li>I dati inseriti devono rispecchiare ESATTAMENTE quelli riportati sul passaporto italiano<\/li>\n<li>Se non si possiede un passaporto italiano, i dati devono rispecchiare ESATTAMENTE quelli riportati sull&#8217;atto di nascita originale, emesso dal comune italiano;<\/li>\n<li>Eventuali secondi nomi\/cognomi devono essere inseriti rispettivamente nel campo &#8220;NOME&#8221; e \u201cCOGNOME\u201d;<\/li>\n<li>Le date inserite devono essere in formato europeo GIORNO \/ MESE \/ ANNO;<\/li>\n<li>La prova di cittadinanza italiana deve essere allegata anche in caso di accesso con SPID;<\/li>\n<li>L\u2019unica firma accettabile \u00e8 quella autografa.<\/li>\n<\/ul>\n<p>In alternativa all\u2019utilizzo di Fast It, per iscrizioni A.I.R.E. o comunicazioni di variazione dati, questo <strong><a href=\"https:\/\/conssydney.esteri.it\/wp-content\/uploads\/2023\/06\/MODULO-AIRE.pdf\">formulario<\/a><\/strong>\u00a0&#8211; debitamente compilato e sottoscritto con firma autografa- e i documenti sopra elencati potranno essere:<\/p>\n<ul>\n<li>consegnati di persona alla reception oppure<\/li>\n<li>inviati per posta al seguente indirizzo:<\/li>\n<\/ul>\n<p><strong>PO Box Q1924<\/strong><br \/>\n<strong>QVB NSW 1230<\/strong><br \/>\n<strong>Australia<\/strong><\/p>\n<p>Si fa presente che <span style=\"text-decoration: underline;\"><strong>non<\/strong><\/span> verranno prese in considerazione richieste pervenute via e-mail o pec.<\/p>\n<p>In caso di mancata registrazione in Italia degli atti di nascita (vedi sezione <a href=\"https:\/\/conssydney.esteri.it\/it\/servizi-consolari-e-visti\/servizi-per-il-cittadino-italiano\/stato-civile\/\">STATO CIVILE<\/a>) di figli minorenni, l\u2019iscrizione all\u2019AIRE sar\u00e0 contestuale all\u2019invio di tali atti<\/p>\n<p>&nbsp;<\/p>\n<p><strong>VARIAZIONE DEI DATI DI ISCRIZIONE ALL&#8217;A.I.R.E.<\/strong><\/p>\n<p>Il cittadino residente all\u2019estero deve comunicare tempestivamente a questo Consolato Generale (nelle stesse modalit\u00e0 riportate sopra) qualsiasi variazione di indirizzo e composizione del nucleo familiare.<\/p>\n<p>&nbsp;<\/p>\n<p><strong>TRASFERIMENTO IN ALTRA CIRCOSCRIZIONE CONSOLARE<\/strong><\/p>\n<p>Una volta trasferito, il cittadino deve\u00a0contattare il nuovo Ufficio Consolare competente e provvedere ad una nuova registrazione.<\/p>\n<p>&nbsp;<\/p>\n<p><strong>IMPORTANTE<\/strong><\/p>\n<p>A norma di legge gli schedari consolari NON hanno valore anagrafico;\u00a0<strong>gli Uffici Consolari NON possono pertanto rilasciare certificati di residenza ne&#8217; di stato di famiglia,\u00a0<\/strong>che dovranno essere richiesti dagli interessati direttamente\u00a0al proprio\u00a0<strong>Comune di iscrizione AIRE<\/strong>, unico ente italiano preposto\u00a0delle funzioni anagrafiche.<\/p>\n<p>Il Consolato potr\u00e0 rilasciare solo certificazioni di iscrizione nello schedario, nelle quali si potr\u00e0 indicare che l&#8217;interessato risulta abitare all&#8217;indirizzo presente in schedario, nonch\u00e9 quale risulta essere, sempre nello schedario, la composizione del nucleo familiare.<\/p>\n","protected":false},"excerpt":{"rendered":"Ogni Comune italiano tiene un registro aggiornato dei suoi cittadini che risiedono all\u2019estero (AIRE), cos\u00ec come ogni Consolato tiene uno schedario dei cittadini che risiedono nella propria circoscrizione consolare (Anagrafe Consolare). Il Consolato svolge per il cittadino che risiede all\u2019estero alcune delle funzioni che il Comune svolge per chi risiede in territorio metropolitano. A norma [&hellip;]","protected":false},"author":3,"featured_media":0,"parent":93,"menu_order":4,"comment_status":"closed","ping_status":"closed","template":"","meta":{"footnotes":""},"class_list":["post-189","page","type-page","status-publish","hentry"],"_links":{"self":[{"href":"https:\/\/conssydney.esteri.it\/it\/wp-json\/wp\/v2\/pages\/189","targetHints":{"allow":["GET"]}}],"collection":[{"href":"https:\/\/conssydney.esteri.it\/it\/wp-json\/wp\/v2\/pages"}],"about":[{"href":"https:\/\/conssydney.esteri.it\/it\/wp-json\/wp\/v2\/types\/page"}],"author":[{"embeddable":true,"href":"https:\/\/conssydney.esteri.it\/it\/wp-json\/wp\/v2\/users\/3"}],"replies":[{"embeddable":true,"href":"https:\/\/conssydney.esteri.it\/it\/wp-json\/wp\/v2\/comments?post=189"}],"version-history":[{"count":0,"href":"https:\/\/conssydney.esteri.it\/it\/wp-json\/wp\/v2\/pages\/189\/revisions"}],"up":[{"embeddable":true,"href":"https:\/\/conssydney.esteri.it\/it\/wp-json\/wp\/v2\/pages\/93"}],"wp:attachment":[{"href":"https:\/\/conssydney.esteri.it\/it\/wp-json\/wp\/v2\/media?parent=189"}],"curies":[{"name":"wp","href":"https:\/\/api.w.org\/{rel}","templated":true}]}}