{"id":183,"date":"2023-01-18T19:53:27","date_gmt":"2023-01-18T18:53:27","guid":{"rendered":"https:\/\/conssydney.esteri.it\/?page_id=183"},"modified":"2026-01-16T15:28:25","modified_gmt":"2026-01-16T04:28:25","slug":"fare-affari-in-italia","status":"publish","type":"page","link":"https:\/\/conssydney.esteri.it\/it\/italia-e-australia\/diplomazia-economica\/fare-affari-in-italia\/","title":{"rendered":"Fare affari in Italia"},"content":{"rendered":"<p>Consultare il sito del\u00a0<a title=\"Dipartimento delle Finanze\" href=\"http:\/\/businessitalia.finanze.it\/opencms\/it\/index.html\" target=\"_blank\" rel=\"noopener\">Dipartimento delle Finanze<\/a>\u00a0per ulteriori informazioni.<\/p>\n<p>Negli ultimi anni sono state introdotte riforme strutturali che hanno permesso all\u2019Italia di armonizzare il proprio quadro normativo, fiscale ed agevolativo agli standard europei.<\/p>\n<p>In particolare sono state attuate riforme importanti nel mercato del lavoro, del credito, dell\u2019energia, della Pubblica Amministrazione<\/p>\n<p>Sono stati rivoluzionati i tre fondamentali comparti della legislazione economica. Filo conduttore degli interventi \u00e8 stato l\u2019adeguamento delle regole a quelle dei Paesi pi\u00f9 avanzati, al fine di rendere il Sistema Italia pi\u00f9 attraente per gli operatori economici e pi\u00f9 competitivo nel confronto internazionale. Il sito del\u00a0<a title=\"Ministero dell'Economia e delle Finanze\" href=\"http:\/\/www.mef.gov.it\/\" target=\"_blank\" rel=\"noopener\">Ministero dell&#8217;Economia e delle Finanze<\/a>\u00a0offre approfondimenti sulle opportunit\u00e0 per fare impresa e produrre in Italia alla luce delle recenti riforme economiche realizzate.<\/p>\n<p>&nbsp;<\/p>\n<p>Si rimanda al sito dell&#8217;<a href=\"https:\/\/ambcanberra.esteri.it\/it\/\">Ambasciata d&#8217;Italia a Canberra<\/a> per ulteriori approfondimenti.<\/p>\n","protected":false},"excerpt":{"rendered":"Consultare il sito del\u00a0Dipartimento delle Finanze\u00a0per ulteriori informazioni. Negli ultimi anni sono state introdotte riforme strutturali che hanno permesso all\u2019Italia di armonizzare il proprio quadro normativo, fiscale ed agevolativo agli standard europei. In particolare sono state attuate riforme importanti nel mercato del lavoro, del credito, dell\u2019energia, della Pubblica Amministrazione Sono stati rivoluzionati i tre fondamentali [&hellip;]","protected":false},"author":3,"featured_media":0,"parent":91,"menu_order":0,"comment_status":"closed","ping_status":"closed","template":"","meta":{"footnotes":""},"class_list":["post-183","page","type-page","status-publish","hentry"],"_links":{"self":[{"href":"https:\/\/conssydney.esteri.it\/it\/wp-json\/wp\/v2\/pages\/183","targetHints":{"allow":["GET"]}}],"collection":[{"href":"https:\/\/conssydney.esteri.it\/it\/wp-json\/wp\/v2\/pages"}],"about":[{"href":"https:\/\/conssydney.esteri.it\/it\/wp-json\/wp\/v2\/types\/page"}],"author":[{"embeddable":true,"href":"https:\/\/conssydney.esteri.it\/it\/wp-json\/wp\/v2\/users\/3"}],"replies":[{"embeddable":true,"href":"https:\/\/conssydney.esteri.it\/it\/wp-json\/wp\/v2\/comments?post=183"}],"version-history":[{"count":2,"href":"https:\/\/conssydney.esteri.it\/it\/wp-json\/wp\/v2\/pages\/183\/revisions"}],"predecessor-version":[{"id":4186,"href":"https:\/\/conssydney.esteri.it\/it\/wp-json\/wp\/v2\/pages\/183\/revisions\/4186"}],"up":[{"embeddable":true,"href":"https:\/\/conssydney.esteri.it\/it\/wp-json\/wp\/v2\/pages\/91"}],"wp:attachment":[{"href":"https:\/\/conssydney.esteri.it\/it\/wp-json\/wp\/v2\/media?parent=183"}],"curies":[{"name":"wp","href":"https:\/\/api.w.org\/{rel}","templated":true}]}}