{"id":1143,"date":"2023-06-05T14:07:36","date_gmt":"2023-06-05T04:07:36","guid":{"rendered":"https:\/\/conssydney.esteri.it\/?page_id=1143"},"modified":"2025-11-18T09:18:33","modified_gmt":"2025-11-17T22:18:33","slug":"giorni-di-chiusura","status":"publish","type":"page","link":"https:\/\/conssydney.esteri.it\/it\/chi-siamo\/contatti\/giorni-di-chiusura\/","title":{"rendered":"Giorni di Chiusura"},"content":{"rendered":"<h6>I\u00a0<strong>GIORNI DI CHIUSURA<\/strong>\u00a0del Consolato Generale sono i seguenti:<\/h6>\n<p>&nbsp;<\/p>\n<p><strong>ANNO 2025<\/strong><\/p>\n<table style=\"height: 888px;\" width=\"422\">\n<tbody>\n<tr>\n<td width=\"189\">\n<h6><strong>DATA<\/strong><\/h6>\n<\/td>\n<td width=\"189\">\n<h6><strong>FESTIVIT\u00c0<\/strong><\/h6>\n<\/td>\n<\/tr>\n<tr>\n<td width=\"189\">\n<h6>Mercoled\u00ec, 1 Gennaio<\/h6>\n<\/td>\n<td width=\"189\">\n<h6>Capodanno<\/h6>\n<\/td>\n<\/tr>\n<tr>\n<td width=\"189\">\n<h6>Luned\u00ec, 27 Gennaio<\/h6>\n<\/td>\n<td width=\"189\">\n<h6>Australia Day<\/h6>\n<\/td>\n<\/tr>\n<tr>\n<td width=\"189\">\n<h6>Venerd\u00ec, 18 Aprile<\/h6>\n<\/td>\n<td width=\"189\">\n<h6>Venerd\u00ec Santo<\/h6>\n<\/td>\n<\/tr>\n<tr>\n<td width=\"189\">\n<h6>Luned\u00ec, 21 Aprile<\/h6>\n<\/td>\n<td width=\"189\">\n<h6>Luned\u00ec dell&#8217;Angelo<\/h6>\n<\/td>\n<\/tr>\n<tr>\n<td width=\"189\">\n<h6>Venerd\u00ec, 25 Aprile<\/h6>\n<\/td>\n<td width=\"189\">\n<h6>Anniversario della Liberazione\u00a0 Anzac Day<\/h6>\n<\/td>\n<\/tr>\n<tr>\n<td width=\"189\">\n<h6>Luned\u00ec, 2 Giugno<\/h6>\n<\/td>\n<td width=\"189\">\n<h6>Festa della Repubblica<\/h6>\n<\/td>\n<\/tr>\n<tr>\n<td width=\"189\">\n<h6>Luned\u00ec, 9 Giugno<\/h6>\n<\/td>\n<td width=\"189\">\n<h6>Genetliaco del Sovrano<\/h6>\n<\/td>\n<\/tr>\n<tr>\n<td width=\"189\">\n<h6>Luned\u00ec, 4 Agosto<\/h6>\n<\/td>\n<td width=\"189\">\n<h6>Bank Holiday<\/h6>\n<\/td>\n<\/tr>\n<tr>\n<td width=\"189\">\n<h6>Luned\u00ec, 6 Ottobre<\/h6>\n<\/td>\n<td width=\"189\">\n<h6>Festa del Lavoro<\/h6>\n<\/td>\n<\/tr>\n<tr>\n<td width=\"189\">\n<h6>Gioved\u00ec, 25 Dicembre<\/h6>\n<\/td>\n<td width=\"189\">\n<h6>Santo Natale<\/h6>\n<\/td>\n<\/tr>\n<tr>\n<td width=\"189\">\n<h6>Venerd\u00ec, 26 Dicembre<\/h6>\n<\/td>\n<td width=\"189\">\n<h6>Santo Stefano<\/h6>\n<\/td>\n<\/tr>\n<\/tbody>\n<\/table>\n<h4>ANNO 2026<\/h4>\n<table style=\"height: 930px;\" width=\"362\">\n<tbody>\n<tr>\n<td width=\"189\"><strong>DATA<\/strong><\/td>\n<td width=\"189\"><strong>FESTIVIT\u00c0<\/strong><\/td>\n<\/tr>\n<tr>\n<td width=\"189\">\n<h6><strong>Gioved\u00ec, 1 gennaio<\/strong><\/h6>\n<\/td>\n<td width=\"189\">\n<h6><strong>Capodanno<\/strong><\/h6>\n<\/td>\n<\/tr>\n<tr>\n<td width=\"189\">\n<h6><strong>Luned\u00ec, 26 gennaio<\/strong><\/h6>\n<\/td>\n<td width=\"189\">\n<h6><strong>Australia Day<\/strong><\/h6>\n<\/td>\n<\/tr>\n<tr>\n<td width=\"189\">\n<h6><strong>Venerd\u00ec, 3 aprile<\/strong><\/h6>\n<\/td>\n<td width=\"189\">\n<h6><strong>Venerd\u00ec Santo<\/strong><\/h6>\n<\/td>\n<\/tr>\n<tr>\n<td width=\"189\">\n<h6><strong>Luned\u00ec, 6 aprile<\/strong><\/h6>\n<\/td>\n<td width=\"189\">\n<h6><strong>Luned\u00ec dell&#8217;Angelo<\/strong><\/h6>\n<\/td>\n<\/tr>\n<tr>\n<td width=\"189\">\n<h6><strong>Sabato, 25 aprile<\/strong><\/h6>\n<\/td>\n<td width=\"189\">\n<h6>Anniversario della Liberazione\u00a0 Anzac Day<\/h6>\n<\/td>\n<\/tr>\n<tr>\n<td width=\"189\">\n<h6><strong>Luned\u00ec, 2 giugno<\/strong><\/h6>\n<\/td>\n<td width=\"189\">\n<h6><strong>Festa della Repubblica<\/strong><\/h6>\n<\/td>\n<\/tr>\n<tr>\n<td width=\"189\">\n<h6><strong>Luned\u00ec, 8 giugno<\/strong><\/h6>\n<\/td>\n<td width=\"189\">\n<h6><strong>Genetliaco del Sovrano<\/strong><\/h6>\n<\/td>\n<\/tr>\n<tr>\n<td width=\"189\">\n<h6><strong>Luned\u00ec, 3 agosto<\/strong><\/h6>\n<\/td>\n<td width=\"189\">\n<h6><strong>Bank Holiday<\/strong><\/h6>\n<\/td>\n<\/tr>\n<tr>\n<td width=\"189\">\n<h6><strong>Domenica, 4 ottobre<\/strong><\/h6>\n<\/td>\n<td width=\"189\">\n<h6><strong>San Francesco d\u2019Assisi<\/strong><\/h6>\n<\/td>\n<\/tr>\n<tr>\n<td width=\"189\">\n<h6><strong>Luned\u00ec, 5 ottobre<\/strong><\/h6>\n<\/td>\n<td width=\"189\">\n<h6><strong>Festa del Lavoro<\/strong><\/h6>\n<\/td>\n<\/tr>\n<tr>\n<td width=\"189\">\n<h6><strong>Venerd\u00ec, 25 Dicembre<\/strong><\/h6>\n<\/td>\n<td width=\"189\">\n<h6><strong>Santo Natale<\/strong><\/h6>\n<\/td>\n<\/tr>\n<tr>\n<td width=\"189\">\n<h6><strong>Sabato, 26 Dicembre<\/strong><\/h6>\n<\/td>\n<td width=\"189\">\n<h6><strong>Santo Stefano<\/strong><\/h6>\n<\/td>\n<\/tr>\n<\/tbody>\n<\/table>\n<h4><\/h4>\n","protected":false},"excerpt":{"rendered":"I\u00a0GIORNI DI CHIUSURA\u00a0del Consolato Generale sono i seguenti: &nbsp; ANNO 2025 DATA FESTIVIT\u00c0 Mercoled\u00ec, 1 Gennaio Capodanno Luned\u00ec, 27 Gennaio Australia Day Venerd\u00ec, 18 Aprile Venerd\u00ec Santo Luned\u00ec, 21 Aprile Luned\u00ec dell&#8217;Angelo Venerd\u00ec, 25 Aprile Anniversario della Liberazione\u00a0 Anzac Day Luned\u00ec, 2 Giugno Festa della Repubblica Luned\u00ec, 9 Giugno Genetliaco del Sovrano Luned\u00ec, 4 Agosto [&hellip;]","protected":false},"author":6,"featured_media":0,"parent":85,"menu_order":1,"comment_status":"closed","ping_status":"closed","template":"","meta":{"footnotes":""},"class_list":["post-1143","page","type-page","status-publish","hentry"],"_links":{"self":[{"href":"https:\/\/conssydney.esteri.it\/it\/wp-json\/wp\/v2\/pages\/1143","targetHints":{"allow":["GET"]}}],"collection":[{"href":"https:\/\/conssydney.esteri.it\/it\/wp-json\/wp\/v2\/pages"}],"about":[{"href":"https:\/\/conssydney.esteri.it\/it\/wp-json\/wp\/v2\/types\/page"}],"author":[{"embeddable":true,"href":"https:\/\/conssydney.esteri.it\/it\/wp-json\/wp\/v2\/users\/6"}],"replies":[{"embeddable":true,"href":"https:\/\/conssydney.esteri.it\/it\/wp-json\/wp\/v2\/comments?post=1143"}],"version-history":[{"count":6,"href":"https:\/\/conssydney.esteri.it\/it\/wp-json\/wp\/v2\/pages\/1143\/revisions"}],"predecessor-version":[{"id":3837,"href":"https:\/\/conssydney.esteri.it\/it\/wp-json\/wp\/v2\/pages\/1143\/revisions\/3837"}],"up":[{"embeddable":true,"href":"https:\/\/conssydney.esteri.it\/it\/wp-json\/wp\/v2\/pages\/85"}],"wp:attachment":[{"href":"https:\/\/conssydney.esteri.it\/it\/wp-json\/wp\/v2\/media?parent=1143"}],"curies":[{"name":"wp","href":"https:\/\/api.w.org\/{rel}","templated":true}]}}